{"id":1430,"date":"2021-06-15T11:58:00","date_gmt":"2021-06-15T11:58:00","guid":{"rendered":"http:\/\/darstal.eu\/?page_id=1430"},"modified":"2021-06-15T12:02:22","modified_gmt":"2021-06-15T12:02:22","slug":"mapa-strony","status":"publish","type":"page","link":"https:\/\/darstal.eu\/en\/mapa-strony\/","title":{"rendered":"Site Map"},"content":{"rendered":"<div data-elementor-type=\"wp-page\" data-elementor-id=\"1430\" class=\"elementor elementor-1430\">\n\t\t\t\t\t\t\t\t\t<section class=\"elementor-section elementor-top-section elementor-element elementor-element-40274157 elementor-section-full_width elementor-section-height-default elementor-section-height-default elementor-invisible\" data-id=\"40274157\" data-element_type=\"section\" data-settings=\"{&quot;animation&quot;:&quot;fadeInUp&quot;}\">\n\t\t\t\t\t\t<div class=\"elementor-container elementor-column-gap-default\">\n\t\t\t\t\t<div class=\"elementor-column elementor-col-100 elementor-top-column elementor-element elementor-element-33da4b0f\" data-id=\"33da4b0f\" data-element_type=\"column\">\n\t\t\t<div class=\"elementor-widget-wrap elementor-element-populated\">\n\t\t\t\t\t\t\t\t<div class=\"elementor-element elementor-element-2bc6c5ad elementor-widget elementor-widget-heading\" data-id=\"2bc6c5ad\" data-element_type=\"widget\" data-widget_type=\"heading.default\">\n\t\t\t\t<div class=\"elementor-widget-container\">\n\t\t\t<h5 class=\"elementor-heading-title elementor-size-default\">MAPA STRONY<\/h5>\t\t<\/div>\n\t\t\t\t<\/div>\n\t\t\t\t<div class=\"elementor-element elementor-element-36a6254 elementor-widget elementor-widget-sitemap\" data-id=\"36a6254\" data-element_type=\"widget\" data-widget_type=\"sitemap.default\">\n\t\t\t\t<div class=\"elementor-widget-container\">\n\t\t\t<div class=\"elementor-sitemap-wrap\"><div class=\"elementor-sitemap-section\"><h4 class=\"elementor-sitemap-title elementor-sitemap-page-title\">Strony<\/h4><ul class=\"elementor-sitemap-list elementor-sitemap-page-list\"><li class=\"elementor-sitemap-item elementor-sitemap-item-page page_item page-item-2232\"><a href=\"https:\/\/darstal.eu\/en\/oiu\/\">OIU<\/a><\/li><li class=\"elementor-sitemap-item elementor-sitemap-item-page page_item page-item-2127\"><a href=\"https:\/\/darstal.eu\/en\/elementor-2127\/\">Us\u0142ugi depozytowe<\/a><\/li><li class=\"elementor-sitemap-item elementor-sitemap-item-page page_item page-item-1747\"><a href=\"https:\/\/darstal.eu\/en\/strona-glowna-english\/\">Strona G\u0142\u00f3wna &#8211; English<\/a><\/li><li class=\"elementor-sitemap-item elementor-sitemap-item-page page_item page-item-1633\"><a href=\"https:\/\/darstal.eu\/en\/dokumenty-do-pobrania\/\">Documents<\/a><\/li><li class=\"elementor-sitemap-item elementor-sitemap-item-page page_item page-item-1430\"><a href=\"https:\/\/darstal.eu\/en\/mapa-strony\/\">Site Map<\/a><\/li><li class=\"elementor-sitemap-item elementor-sitemap-item-page page_item page-item-1268\"><a href=\"https:\/\/darstal.eu\/en\/kariera\/\">Career<\/a><\/li><li class=\"elementor-sitemap-item elementor-sitemap-item-page page_item page-item-766\"><a href=\"https:\/\/darstal.eu\/en\/wyprzedaz-maszyn-i-pojazdow\/\">Sale of machines and vehicles<\/a><\/li><li class=\"elementor-sitemap-item elementor-sitemap-item-page page_item page-item-497\"><a href=\"https:\/\/darstal.eu\/en\/uslugi-wykonywania-zbrojen-budowlanych\/\">Production of construction reinforcements<\/a><\/li><li class=\"elementor-sitemap-item elementor-sitemap-item-page page_item page-item-493\"><a href=\"https:\/\/darstal.eu\/en\/kontakt\/\">Contact<\/a><\/li><li class=\"elementor-sitemap-item elementor-sitemap-item-page page_item page-item-400\"><a href=\"https:\/\/darstal.eu\/en\/laboratorium\/\">Lab<\/a><\/li><li class=\"elementor-sitemap-item elementor-sitemap-item-page page_item page-item-398\"><a href=\"https:\/\/darstal.eu\/en\/rodo\/\">GDPR<\/a><\/li><li class=\"elementor-sitemap-item elementor-sitemap-item-page page_item page-item-396\"><a href=\"https:\/\/darstal.eu\/en\/zapytania-ofertowe\/\">Zapytania ofertowe<\/a><\/li><li class=\"elementor-sitemap-item elementor-sitemap-item-page page_item page-item-394\"><a href=\"https:\/\/darstal.eu\/en\/informacje-dla-nowych-pracownikow\/\">Informacje dla nowych pracownik\u00f3w<\/a><\/li><li class=\"elementor-sitemap-item elementor-sitemap-item-page page_item page-item-392\"><a href=\"https:\/\/darstal.eu\/en\/oferty-pracy\/\">Oferty pracy<\/a><\/li><li class=\"elementor-sitemap-item elementor-sitemap-item-page page_item page-item-388\"><a href=\"https:\/\/darstal.eu\/en\/sprzedaz-maszyn-i-pojazdow\/\">Sprzeda\u017c maszyn i pojazd\u00f3w<\/a><\/li><li class=\"elementor-sitemap-item elementor-sitemap-item-page page_item page-item-384\"><a href=\"https:\/\/darstal.eu\/en\/uslugi-magazynowania\/\">Us\u0142ugi magazynowania<\/a><\/li><li class=\"elementor-sitemap-item elementor-sitemap-item-page page_item page-item-379\"><a href=\"https:\/\/darstal.eu\/en\/uslugi-bocznicowe-przeladunkowe\/\">Us\u0142ugi bocznicowe \/ prze\u0142adunkowe<\/a><\/li><li class=\"elementor-sitemap-item elementor-sitemap-item-page page_item page-item-377\"><a href=\"https:\/\/darstal.eu\/en\/uslugi-wyzarzania-materialu\/\">Us\u0142ugi wy\u017carzania materia\u0142u<\/a><\/li><li class=\"elementor-sitemap-item elementor-sitemap-item-page page_item page-item-375\"><a href=\"https:\/\/darstal.eu\/en\/uslugi-walcowania-blach-na-zimno\/\">Us\u0142ugi walcowania blach na zimno<\/a><\/li><li class=\"elementor-sitemap-item elementor-sitemap-item-page page_item page-item-373\"><a href=\"https:\/\/darstal.eu\/en\/tradycyjne-ciecie-gazowe\/\">Gas cutting<\/a><\/li><li class=\"elementor-sitemap-item elementor-sitemap-item-page page_item page-item-365\"><a href=\"https:\/\/darstal.eu\/en\/uslugi-obrobki-mechanicznej\/\">Us\u0142ugi obr\u00f3bki mechanicznej<\/a><\/li><li class=\"elementor-sitemap-item elementor-sitemap-item-page page_item page-item-363\"><a href=\"https:\/\/darstal.eu\/en\/uslugi-srutowania-materialow\/\">Us\u0142ugi \u015brutowania materia\u0142\u00f3w<\/a><\/li><li class=\"elementor-sitemap-item elementor-sitemap-item-page page_item page-item-361\"><a href=\"https:\/\/darstal.eu\/en\/uslugi-produkcji-ksztaltownikow-otwartych\/\">Us\u0142ugi produkcji kszta\u0142townik\u00f3w otwartych z materia\u0142u powierzonego<\/a><\/li><li class=\"elementor-sitemap-item elementor-sitemap-item-page page_item page-item-359\"><a href=\"https:\/\/darstal.eu\/en\/uslugi-giecia-blach\/\">Us\u0142ugi gi\u0119cia blach<\/a><\/li><li class=\"elementor-sitemap-item elementor-sitemap-item-page page_item page-item-357\"><a href=\"https:\/\/darstal.eu\/en\/uslugi-ciecia-blach-na-gilotynach\/\">Us\u0142ugi ci\u0119cia blach na gilotynach<\/a><\/li><li class=\"elementor-sitemap-item elementor-sitemap-item-page page_item page-item-355\"><a href=\"https:\/\/darstal.eu\/en\/uslugi-ciecia-poprzecznego\/\">Us\u0142ugi ci\u0119cia poprzecznego<\/a><\/li><li class=\"elementor-sitemap-item elementor-sitemap-item-page page_item page-item-353\"><a href=\"https:\/\/darstal.eu\/en\/uslugi-ciecia-wzdluznego\/\">Us\u0142ugi ci\u0119cia wzd\u0142u\u017cnego<\/a><\/li><li class=\"elementor-sitemap-item elementor-sitemap-item-page page_item page-item-351\"><a href=\"https:\/\/darstal.eu\/en\/rury-i-profile\/\">Pipes and profiles<\/a><\/li><li class=\"elementor-sitemap-item elementor-sitemap-item-page page_item page-item-347\"><a href=\"https:\/\/darstal.eu\/en\/wyroby-plaskie-2\/\">Flat products<\/a><\/li><li class=\"elementor-sitemap-item elementor-sitemap-item-page page_item page-item-343\"><a href=\"https:\/\/darstal.eu\/en\/wydarzenia\/\">Events<\/a><\/li><li class=\"elementor-sitemap-item elementor-sitemap-item-page page_item page-item-341\"><a href=\"https:\/\/darstal.eu\/en\/nagrody-i-wdrozenia\/\">Prizes and awards<\/a><\/li><li class=\"elementor-sitemap-item elementor-sitemap-item-page page_item page-item-339\"><a href=\"https:\/\/darstal.eu\/en\/dar-stal\/\">DAR STAL<\/a><\/li><li class=\"elementor-sitemap-item elementor-sitemap-item-page page_item page-item-336\"><a href=\"https:\/\/darstal.eu\/en\/wyroby-plaskie\/\">Flat products<\/a><\/li><li class=\"elementor-sitemap-item elementor-sitemap-item-page page_item page-item-316\"><a href=\"https:\/\/darstal.eu\/en\/oferta\/\">Oferta<\/a><\/li><li class=\"elementor-sitemap-item elementor-sitemap-item-page page_item page-item-292\"><a href=\"https:\/\/darstal.eu\/en\/uslugi-przetworstwa-wyrobow-hutniczych\/\">Processing services<\/a><ul class='children'><li class=\"elementor-sitemap-item elementor-sitemap-item-page page_item page-item-2050\"><a href=\"https:\/\/darstal.eu\/en\/uslugi-przetworstwa-wyrobow-hutniczych\/fazowanie-mechaniczne\/\">Fazowanie mechaniczne<\/a><\/li><\/ul><\/li><li class=\"elementor-sitemap-item elementor-sitemap-item-page page_item page-item-283\"><a href=\"https:\/\/darstal.eu\/en\/wyroby-hutnicze\/\">Metallurgical products<\/a><\/li><li class=\"elementor-sitemap-item elementor-sitemap-item-page page_item page-item-163\"><a href=\"https:\/\/darstal.eu\/en\/projekty-ue\/\">EU PROJECTS<\/a><\/li><li class=\"elementor-sitemap-item elementor-sitemap-item-page page_item page-item-2\"><a href=\"https:\/\/darstal.eu\/en\/\">Strona G\u0142\u00f3wna<\/a><\/li><\/ul><\/div><div class=\"elementor-sitemap-section\"><h4 class=\"elementor-sitemap-title elementor-sitemap-category-title\">Kategorie<\/h4><ul class=\"elementor-sitemap-list elementor-sitemap-category-list\">\t<li class=\"elementor-sitemap-item elementor-sitemap-item-category cat-item cat-item-13\"><a href=\"https:\/\/darstal.eu\/en\/category\/wyprzedaz-maszyn-i-pojazdow\/\">Sale of machines and vehicles<\/a>\n<\/li>\n\t<li class=\"elementor-sitemap-item elementor-sitemap-item-category cat-item cat-item-16\"><a href=\"https:\/\/darstal.eu\/en\/category\/oferty-pracy\/\">Oferty pracy<\/a>\n<\/li>\n<\/ul><\/div><\/div>\t\t<\/div>\n\t\t\t\t<\/div>\n\t\t\t\t\t<\/div>\n\t\t<\/div>\n\t\t\t\t\t\t\t<\/div>\n\t\t<\/section>\n\t\t\t\t<section class=\"elementor-section elementor-top-section elementor-element elementor-element-d6f6c69 elementor-section-boxed elementor-section-height-default elementor-section-height-default\" data-id=\"d6f6c69\" data-element_type=\"section\">\n\t\t\t\t\t\t<div class=\"elementor-container elementor-column-gap-default\">\n\t\t\t\t\t<div class=\"elementor-column elementor-col-100 elementor-top-column elementor-element elementor-element-55179997\" data-id=\"55179997\" data-element_type=\"column\">\n\t\t\t<div class=\"elementor-widget-wrap elementor-element-populated\">\n\t\t\t\t\t\t\t\t<div class=\"elementor-element elementor-element-68e8195 elementor-widget elementor-widget-theme-post-content\" data-id=\"68e8195\" data-element_type=\"widget\" data-widget_type=\"theme-post-content.default\">\n\t\t\t\t<div class=\"elementor-widget-container\">\n\t\t\t\t\t<div data-elementor-type=\"wp-page\" data-elementor-id=\"1430\" class=\"elementor elementor-1430\">\n\t\t\t\t\t\t\t\t\t<section class=\"elementor-section elementor-top-section elementor-element elementor-element-40274157 elementor-section-full_width elementor-section-height-default elementor-section-height-default elementor-invisible\" data-id=\"40274157\" data-element_type=\"section\" data-settings=\"{&quot;animation&quot;:&quot;fadeInUp&quot;}\">\n\t\t\t\t\t\t<div class=\"elementor-container elementor-column-gap-default\">\n\t\t\t\t\t<div class=\"elementor-column elementor-col-100 elementor-top-column elementor-element elementor-element-33da4b0f\" data-id=\"33da4b0f\" data-element_type=\"column\">\n\t\t\t<div class=\"elementor-widget-wrap elementor-element-populated\">\n\t\t\t\t\t\t\t\t<div class=\"elementor-element elementor-element-2bc6c5ad elementor-widget elementor-widget-heading\" data-id=\"2bc6c5ad\" data-element_type=\"widget\" data-widget_type=\"heading.default\">\n\t\t\t\t<div class=\"elementor-widget-container\">\n\t\t\t<h5 class=\"elementor-heading-title elementor-size-default\">MAPA STRONY<\/h5>\t\t<\/div>\n\t\t\t\t<\/div>\n\t\t\t\t<div class=\"elementor-element elementor-element-36a6254 elementor-widget elementor-widget-sitemap\" data-id=\"36a6254\" data-element_type=\"widget\" data-widget_type=\"sitemap.default\">\n\t\t\t\t<div class=\"elementor-widget-container\">\n\t\t\t<div class=\"elementor-sitemap-wrap\"><div class=\"elementor-sitemap-section\"><h4 class=\"elementor-sitemap-title elementor-sitemap-page-title\">Strony<\/h4><ul class=\"elementor-sitemap-list elementor-sitemap-page-list\"><li class=\"elementor-sitemap-item elementor-sitemap-item-page page_item page-item-2232\"><a href=\"https:\/\/darstal.eu\/en\/oiu\/\">OIU<\/a><\/li><li class=\"elementor-sitemap-item elementor-sitemap-item-page page_item page-item-2127\"><a href=\"https:\/\/darstal.eu\/en\/elementor-2127\/\">Us\u0142ugi depozytowe<\/a><\/li><li class=\"elementor-sitemap-item elementor-sitemap-item-page page_item page-item-1747\"><a href=\"https:\/\/darstal.eu\/en\/strona-glowna-english\/\">Strona G\u0142\u00f3wna &#8211; English<\/a><\/li><li class=\"elementor-sitemap-item elementor-sitemap-item-page page_item page-item-1633\"><a href=\"https:\/\/darstal.eu\/en\/dokumenty-do-pobrania\/\">Documents<\/a><\/li><li class=\"elementor-sitemap-item elementor-sitemap-item-page page_item page-item-1430\"><a href=\"https:\/\/darstal.eu\/en\/mapa-strony\/\">Site Map<\/a><\/li><li class=\"elementor-sitemap-item elementor-sitemap-item-page page_item page-item-1268\"><a href=\"https:\/\/darstal.eu\/en\/kariera\/\">Career<\/a><\/li><li class=\"elementor-sitemap-item elementor-sitemap-item-page page_item page-item-766\"><a href=\"https:\/\/darstal.eu\/en\/wyprzedaz-maszyn-i-pojazdow\/\">Sale of machines and vehicles<\/a><\/li><li class=\"elementor-sitemap-item elementor-sitemap-item-page page_item page-item-497\"><a href=\"https:\/\/darstal.eu\/en\/uslugi-wykonywania-zbrojen-budowlanych\/\">Production of construction reinforcements<\/a><\/li><li class=\"elementor-sitemap-item elementor-sitemap-item-page page_item page-item-493\"><a href=\"https:\/\/darstal.eu\/en\/kontakt\/\">Contact<\/a><\/li><li class=\"elementor-sitemap-item elementor-sitemap-item-page page_item page-item-400\"><a href=\"https:\/\/darstal.eu\/en\/laboratorium\/\">Lab<\/a><\/li><li class=\"elementor-sitemap-item elementor-sitemap-item-page page_item page-item-398\"><a href=\"https:\/\/darstal.eu\/en\/rodo\/\">GDPR<\/a><\/li><li class=\"elementor-sitemap-item elementor-sitemap-item-page page_item page-item-396\"><a href=\"https:\/\/darstal.eu\/en\/zapytania-ofertowe\/\">Zapytania ofertowe<\/a><\/li><li class=\"elementor-sitemap-item elementor-sitemap-item-page page_item page-item-394\"><a href=\"https:\/\/darstal.eu\/en\/informacje-dla-nowych-pracownikow\/\">Informacje dla nowych pracownik\u00f3w<\/a><\/li><li class=\"elementor-sitemap-item elementor-sitemap-item-page page_item page-item-392\"><a href=\"https:\/\/darstal.eu\/en\/oferty-pracy\/\">Oferty pracy<\/a><\/li><li class=\"elementor-sitemap-item elementor-sitemap-item-page page_item page-item-388\"><a href=\"https:\/\/darstal.eu\/en\/sprzedaz-maszyn-i-pojazdow\/\">Sprzeda\u017c maszyn i pojazd\u00f3w<\/a><\/li><li class=\"elementor-sitemap-item elementor-sitemap-item-page page_item page-item-384\"><a href=\"https:\/\/darstal.eu\/en\/uslugi-magazynowania\/\">Us\u0142ugi magazynowania<\/a><\/li><li class=\"elementor-sitemap-item elementor-sitemap-item-page page_item page-item-379\"><a href=\"https:\/\/darstal.eu\/en\/uslugi-bocznicowe-przeladunkowe\/\">Us\u0142ugi bocznicowe \/ prze\u0142adunkowe<\/a><\/li><li class=\"elementor-sitemap-item elementor-sitemap-item-page page_item page-item-377\"><a href=\"https:\/\/darstal.eu\/en\/uslugi-wyzarzania-materialu\/\">Us\u0142ugi wy\u017carzania materia\u0142u<\/a><\/li><li class=\"elementor-sitemap-item elementor-sitemap-item-page page_item page-item-375\"><a href=\"https:\/\/darstal.eu\/en\/uslugi-walcowania-blach-na-zimno\/\">Us\u0142ugi walcowania blach na zimno<\/a><\/li><li class=\"elementor-sitemap-item elementor-sitemap-item-page page_item page-item-373\"><a href=\"https:\/\/darstal.eu\/en\/tradycyjne-ciecie-gazowe\/\">Gas cutting<\/a><\/li><li class=\"elementor-sitemap-item elementor-sitemap-item-page page_item page-item-365\"><a href=\"https:\/\/darstal.eu\/en\/uslugi-obrobki-mechanicznej\/\">Us\u0142ugi obr\u00f3bki mechanicznej<\/a><\/li><li class=\"elementor-sitemap-item elementor-sitemap-item-page page_item page-item-363\"><a href=\"https:\/\/darstal.eu\/en\/uslugi-srutowania-materialow\/\">Us\u0142ugi \u015brutowania materia\u0142\u00f3w<\/a><\/li><li class=\"elementor-sitemap-item elementor-sitemap-item-page page_item page-item-361\"><a href=\"https:\/\/darstal.eu\/en\/uslugi-produkcji-ksztaltownikow-otwartych\/\">Us\u0142ugi produkcji kszta\u0142townik\u00f3w otwartych z materia\u0142u powierzonego<\/a><\/li><li class=\"elementor-sitemap-item elementor-sitemap-item-page page_item page-item-359\"><a href=\"https:\/\/darstal.eu\/en\/uslugi-giecia-blach\/\">Us\u0142ugi gi\u0119cia blach<\/a><\/li><li class=\"elementor-sitemap-item elementor-sitemap-item-page page_item page-item-357\"><a href=\"https:\/\/darstal.eu\/en\/uslugi-ciecia-blach-na-gilotynach\/\">Us\u0142ugi ci\u0119cia blach na gilotynach<\/a><\/li><li class=\"elementor-sitemap-item elementor-sitemap-item-page page_item page-item-355\"><a href=\"https:\/\/darstal.eu\/en\/uslugi-ciecia-poprzecznego\/\">Us\u0142ugi ci\u0119cia poprzecznego<\/a><\/li><li class=\"elementor-sitemap-item elementor-sitemap-item-page page_item page-item-353\"><a href=\"https:\/\/darstal.eu\/en\/uslugi-ciecia-wzdluznego\/\">Us\u0142ugi ci\u0119cia wzd\u0142u\u017cnego<\/a><\/li><li class=\"elementor-sitemap-item elementor-sitemap-item-page page_item page-item-351\"><a href=\"https:\/\/darstal.eu\/en\/rury-i-profile\/\">Pipes and profiles<\/a><\/li><li class=\"elementor-sitemap-item elementor-sitemap-item-page page_item page-item-347\"><a href=\"https:\/\/darstal.eu\/en\/wyroby-plaskie-2\/\">Flat products<\/a><\/li><li class=\"elementor-sitemap-item elementor-sitemap-item-page page_item page-item-343\"><a href=\"https:\/\/darstal.eu\/en\/wydarzenia\/\">Events<\/a><\/li><li class=\"elementor-sitemap-item elementor-sitemap-item-page page_item page-item-341\"><a href=\"https:\/\/darstal.eu\/en\/nagrody-i-wdrozenia\/\">Prizes and awards<\/a><\/li><li class=\"elementor-sitemap-item elementor-sitemap-item-page page_item page-item-339\"><a href=\"https:\/\/darstal.eu\/en\/dar-stal\/\">DAR STAL<\/a><\/li><li class=\"elementor-sitemap-item elementor-sitemap-item-page page_item page-item-336\"><a href=\"https:\/\/darstal.eu\/en\/wyroby-plaskie\/\">Flat products<\/a><\/li><li class=\"elementor-sitemap-item elementor-sitemap-item-page page_item page-item-316\"><a href=\"https:\/\/darstal.eu\/en\/oferta\/\">Oferta<\/a><\/li><li class=\"elementor-sitemap-item elementor-sitemap-item-page page_item page-item-292\"><a href=\"https:\/\/darstal.eu\/en\/uslugi-przetworstwa-wyrobow-hutniczych\/\">Processing services<\/a><ul class='children'><li class=\"elementor-sitemap-item elementor-sitemap-item-page page_item page-item-2050\"><a href=\"https:\/\/darstal.eu\/en\/uslugi-przetworstwa-wyrobow-hutniczych\/fazowanie-mechaniczne\/\">Fazowanie mechaniczne<\/a><\/li><\/ul><\/li><li class=\"elementor-sitemap-item elementor-sitemap-item-page page_item page-item-283\"><a href=\"https:\/\/darstal.eu\/en\/wyroby-hutnicze\/\">Metallurgical products<\/a><\/li><li class=\"elementor-sitemap-item elementor-sitemap-item-page page_item page-item-163\"><a href=\"https:\/\/darstal.eu\/en\/projekty-ue\/\">EU PROJECTS<\/a><\/li><li class=\"elementor-sitemap-item elementor-sitemap-item-page page_item page-item-2\"><a href=\"https:\/\/darstal.eu\/en\/\">Strona G\u0142\u00f3wna<\/a><\/li><\/ul><\/div><div class=\"elementor-sitemap-section\"><h4 class=\"elementor-sitemap-title elementor-sitemap-category-title\">Kategorie<\/h4><ul class=\"elementor-sitemap-list elementor-sitemap-category-list\">\t<li class=\"elementor-sitemap-item elementor-sitemap-item-category cat-item cat-item-13\"><a href=\"https:\/\/darstal.eu\/en\/category\/wyprzedaz-maszyn-i-pojazdow\/\">Sale of machines and vehicles<\/a>\n<\/li>\n\t<li class=\"elementor-sitemap-item elementor-sitemap-item-category cat-item cat-item-16\"><a href=\"https:\/\/darstal.eu\/en\/category\/oferty-pracy\/\">Oferty pracy<\/a>\n<\/li>\n<\/ul><\/div><\/div>\t\t<\/div>\n\t\t\t\t<\/div>\n\t\t\t\t\t<\/div>\n\t\t<\/div>\n\t\t\t\t\t\t\t<\/div>\n\t\t<\/section>\n\t\t\t\t<section class=\"elementor-section elementor-top-section elementor-element elementor-element-d6f6c69 elementor-section-boxed elementor-section-height-default elementor-section-height-default\" data-id=\"d6f6c69\" data-element_type=\"section\">\n\t\t\t\t\t\t<div class=\"elementor-container elementor-column-gap-default\">\n\t\t\t\t\t<div class=\"elementor-column elementor-col-100 elementor-top-column elementor-element elementor-element-55179997\" data-id=\"55179997\" data-element_type=\"column\">\n\t\t\t<div class=\"elementor-widget-wrap elementor-element-populated\">\n\t\t\t\t\t\t\t\t\t<\/div>\n\t\t<\/div>\n\t\t\t\t\t\t\t<\/div>\n\t\t<\/section>\n\t\t\t\t\t\t\t<\/div>\n\t\t\t\t<\/div>\n\t\t\t\t<\/div>\n\t\t\t\t\t<\/div>\n\t\t<\/div>\n\t\t\t\t\t\t\t<\/div>\n\t\t<\/section>\n\t\t\t\t\t\t\t<\/div>","protected":false},"excerpt":{"rendered":"<p>MAPA STRONY<\/p>","protected":false},"author":1,"featured_media":0,"parent":0,"menu_order":0,"comment_status":"closed","ping_status":"closed","template":"","meta":{"footnotes":""},"yoast_head":"<!-- This site is optimized with the Yoast SEO plugin v19.10 - https:\/\/yoast.com\/wordpress\/plugins\/seo\/ -->\n<title>Mapa strony - DARSTAL<\/title>\n<meta name=\"robots\" content=\"index, follow, max-snippet:-1, max-image-preview:large, max-video-preview:-1\" \/>\n<link rel=\"canonical\" href=\"https:\/\/darstal.eu\/en\/mapa-strony\/\" \/>\n<meta property=\"og:locale\" content=\"en_GB\" \/>\n<meta property=\"og:type\" content=\"article\" \/>\n<meta property=\"og:title\" content=\"Mapa strony - DARSTAL\" \/>\n<meta property=\"og:description\" content=\"MAPA STRONY\" \/>\n<meta property=\"og:url\" content=\"https:\/\/darstal.eu\/en\/mapa-strony\/\" \/>\n<meta property=\"og:site_name\" content=\"DARSTAL\" \/>\n<meta property=\"article:modified_time\" content=\"2021-06-15T12:02:22+00:00\" \/>\n<meta name=\"twitter:card\" content=\"summary_large_image\" \/>\n<script type=\"application\/ld+json\" class=\"yoast-schema-graph\">{\"@context\":\"https:\/\/schema.org\",\"@graph\":[{\"@type\":\"WebPage\",\"@id\":\"https:\/\/darstal.eu\/pl\/mapa-strony\/\",\"url\":\"https:\/\/darstal.eu\/pl\/mapa-strony\/\",\"name\":\"Mapa strony - DARSTAL\",\"isPartOf\":{\"@id\":\"https:\/\/darstal.eu\/pl\/#website\"},\"datePublished\":\"2021-06-15T11:58:00+00:00\",\"dateModified\":\"2021-06-15T12:02:22+00:00\",\"breadcrumb\":{\"@id\":\"https:\/\/darstal.eu\/pl\/mapa-strony\/#breadcrumb\"},\"inLanguage\":\"en-GB\",\"potentialAction\":[{\"@type\":\"ReadAction\",\"target\":[\"https:\/\/darstal.eu\/pl\/mapa-strony\/\"]}]},{\"@type\":\"BreadcrumbList\",\"@id\":\"https:\/\/darstal.eu\/pl\/mapa-strony\/#breadcrumb\",\"itemListElement\":[{\"@type\":\"ListItem\",\"position\":1,\"name\":\"Strona g\u0142\u00f3wna\",\"item\":\"https:\/\/darstal.eu\/pl\/\"},{\"@type\":\"ListItem\",\"position\":2,\"name\":\"Mapa strony\"}]},{\"@type\":\"WebSite\",\"@id\":\"https:\/\/darstal.eu\/pl\/#website\",\"url\":\"https:\/\/darstal.eu\/pl\/\",\"name\":\"DARSTAL\",\"description\":\"STALOWE CENTRUM SERWISOWE\",\"publisher\":{\"@id\":\"https:\/\/darstal.eu\/pl\/#organization\"},\"potentialAction\":[{\"@type\":\"SearchAction\",\"target\":{\"@type\":\"EntryPoint\",\"urlTemplate\":\"https:\/\/darstal.eu\/pl\/?s={search_term_string}\"},\"query-input\":\"required name=search_term_string\"}],\"inLanguage\":\"en-GB\"},{\"@type\":\"Organization\",\"@id\":\"https:\/\/darstal.eu\/pl\/#organization\",\"name\":\"DARSTAL\",\"url\":\"https:\/\/darstal.eu\/pl\/\",\"logo\":{\"@type\":\"ImageObject\",\"inLanguage\":\"en-GB\",\"@id\":\"https:\/\/darstal.eu\/pl\/#\/schema\/logo\/image\/\",\"url\":\"https:\/\/darstal.eu\/wp-content\/uploads\/2021\/06\/darstal_logo_01.png\",\"contentUrl\":\"https:\/\/darstal.eu\/wp-content\/uploads\/2021\/06\/darstal_logo_01.png\",\"width\":501,\"height\":119,\"caption\":\"DARSTAL\"},\"image\":{\"@id\":\"https:\/\/darstal.eu\/pl\/#\/schema\/logo\/image\/\"}}]}<\/script>\n<!-- \/ Yoast SEO plugin. -->","yoast_head_json":{"title":"Mapa strony - DARSTAL","robots":{"index":"index","follow":"follow","max-snippet":"max-snippet:-1","max-image-preview":"max-image-preview:large","max-video-preview":"max-video-preview:-1"},"canonical":"https:\/\/darstal.eu\/en\/mapa-strony\/","og_locale":"en_GB","og_type":"article","og_title":"Mapa strony - DARSTAL","og_description":"MAPA STRONY","og_url":"https:\/\/darstal.eu\/en\/mapa-strony\/","og_site_name":"DARSTAL","article_modified_time":"2021-06-15T12:02:22+00:00","twitter_card":"summary_large_image","schema":{"@context":"https:\/\/schema.org","@graph":[{"@type":"WebPage","@id":"https:\/\/darstal.eu\/pl\/mapa-strony\/","url":"https:\/\/darstal.eu\/pl\/mapa-strony\/","name":"Mapa strony - DARSTAL","isPartOf":{"@id":"https:\/\/darstal.eu\/pl\/#website"},"datePublished":"2021-06-15T11:58:00+00:00","dateModified":"2021-06-15T12:02:22+00:00","breadcrumb":{"@id":"https:\/\/darstal.eu\/pl\/mapa-strony\/#breadcrumb"},"inLanguage":"en-GB","potentialAction":[{"@type":"ReadAction","target":["https:\/\/darstal.eu\/pl\/mapa-strony\/"]}]},{"@type":"BreadcrumbList","@id":"https:\/\/darstal.eu\/pl\/mapa-strony\/#breadcrumb","itemListElement":[{"@type":"ListItem","position":1,"name":"Strona g\u0142\u00f3wna","item":"https:\/\/darstal.eu\/pl\/"},{"@type":"ListItem","position":2,"name":"Mapa strony"}]},{"@type":"WebSite","@id":"https:\/\/darstal.eu\/pl\/#website","url":"https:\/\/darstal.eu\/pl\/","name":"DARSTAL","description":"STALOWE CENTRUM SERWISOWE","publisher":{"@id":"https:\/\/darstal.eu\/pl\/#organization"},"potentialAction":[{"@type":"SearchAction","target":{"@type":"EntryPoint","urlTemplate":"https:\/\/darstal.eu\/pl\/?s={search_term_string}"},"query-input":"required name=search_term_string"}],"inLanguage":"en-GB"},{"@type":"Organization","@id":"https:\/\/darstal.eu\/pl\/#organization","name":"DARSTAL","url":"https:\/\/darstal.eu\/pl\/","logo":{"@type":"ImageObject","inLanguage":"en-GB","@id":"https:\/\/darstal.eu\/pl\/#\/schema\/logo\/image\/","url":"https:\/\/darstal.eu\/wp-content\/uploads\/2021\/06\/darstal_logo_01.png","contentUrl":"https:\/\/darstal.eu\/wp-content\/uploads\/2021\/06\/darstal_logo_01.png","width":501,"height":119,"caption":"DARSTAL"},"image":{"@id":"https:\/\/darstal.eu\/pl\/#\/schema\/logo\/image\/"}}]}},"_links":{"self":[{"href":"https:\/\/darstal.eu\/en\/wp-json\/wp\/v2\/pages\/1430"}],"collection":[{"href":"https:\/\/darstal.eu\/en\/wp-json\/wp\/v2\/pages"}],"about":[{"href":"https:\/\/darstal.eu\/en\/wp-json\/wp\/v2\/types\/page"}],"author":[{"embeddable":true,"href":"https:\/\/darstal.eu\/en\/wp-json\/wp\/v2\/users\/1"}],"replies":[{"embeddable":true,"href":"https:\/\/darstal.eu\/en\/wp-json\/wp\/v2\/comments?post=1430"}],"version-history":[{"count":7,"href":"https:\/\/darstal.eu\/en\/wp-json\/wp\/v2\/pages\/1430\/revisions"}],"predecessor-version":[{"id":1438,"href":"https:\/\/darstal.eu\/en\/wp-json\/wp\/v2\/pages\/1430\/revisions\/1438"}],"wp:attachment":[{"href":"https:\/\/darstal.eu\/en\/wp-json\/wp\/v2\/media?parent=1430"}],"curies":[{"name":"wp","href":"https:\/\/api.w.org\/{rel}","templated":true}]}}