{"id":1633,"date":"2021-06-24T05:42:35","date_gmt":"2021-06-24T05:42:35","guid":{"rendered":"http:\/\/darstal.eu\/?page_id=1633"},"modified":"2023-12-05T07:54:21","modified_gmt":"2023-12-05T07:54:21","slug":"dokumenty-do-pobrania","status":"publish","type":"page","link":"https:\/\/darstal.eu\/en\/dokumenty-do-pobrania\/","title":{"rendered":"Documents"},"content":{"rendered":"<div data-elementor-type=\"wp-page\" data-elementor-id=\"1633\" class=\"elementor elementor-1633\">\n\t\t\t\t\t\t\t\t\t<section class=\"elementor-section elementor-top-section elementor-element elementor-element-21044daf elementor-section-full_width elementor-section-height-default elementor-section-height-default elementor-invisible\" data-id=\"21044daf\" data-element_type=\"section\" data-settings=\"{&quot;animation&quot;:&quot;fadeInUp&quot;}\">\n\t\t\t\t\t\t<div class=\"elementor-container elementor-column-gap-default\">\n\t\t\t\t\t<div class=\"elementor-column elementor-col-100 elementor-top-column elementor-element elementor-element-2d98f65c\" data-id=\"2d98f65c\" data-element_type=\"column\">\n\t\t\t<div class=\"elementor-widget-wrap elementor-element-populated\">\n\t\t\t\t\t\t\t\t<div class=\"elementor-element elementor-element-29a097d3 elementor-widget elementor-widget-heading\" data-id=\"29a097d3\" data-element_type=\"widget\" data-widget_type=\"heading.default\">\n\t\t\t\t<div class=\"elementor-widget-container\">\n\t\t\t<h5 class=\"elementor-heading-title elementor-size-default\">DOKUMENTY DO POBRANIA<\/h5>\t\t<\/div>\n\t\t\t\t<\/div>\n\t\t\t\t<div class=\"elementor-element elementor-element-4709b6ed elementor-widget elementor-widget-text-editor\" data-id=\"4709b6ed\" data-element_type=\"widget\" data-widget_type=\"text-editor.default\">\n\t\t\t\t<div class=\"elementor-widget-container\">\n\t\t\t\t\t\t\t<ul>\n<li><a href=\"https:\/\/darstal.eu\/wp-content\/uploads\/2023\/06\/DS-Upowaznienie-do-skladania-zamowien-odbioru-towarow.pdf\">Upowa\u017cnienie do sk\u0142adania zam\u00f3wie\u0144, odbioru towar\u00f3w<\/a><\/li>\n<li><a href=\"https:\/\/darstal.eu\/wp-content\/uploads\/2023\/06\/DS-Oswiadczenie-czynnego-podatnika-podatku-od-towarow-i-uslug.pdf\">O\u015bwiadczenie czynnego podatnika podatk\u00f3w od towar\u00f3w i us\u0142ug<\/a><\/li>\n<li><a href=\"https:\/\/darstal.eu\/wp-content\/uploads\/2023\/06\/DS-Upowaznienie-do-skladania-oswiadczen-woli-w-imieniu-firmy.pdf\">Upowa\u017cnienie do sk\u0142adania o\u015bwiadcze\u0144 woli w imieniu firmy<\/a><\/li>\n<li><a href=\"https:\/\/darstal.eu\/wp-content\/uploads\/2023\/06\/Klauzula-informacyjna-dla-kandydatow-1.pdf\">Klauzula informacyjna dla kandydat\u00f3w<\/a><\/li>\n<li><a href=\"https:\/\/darstal.eu\/wp-content\/uploads\/2023\/06\/OWS.pdf\">Terms of sale<\/a><\/li>\n<li><a href=\"https:\/\/darstal.eu\/wp-content\/uploads\/2023\/06\/RODO.pdf\">GDPR<\/a><\/li>\n<li><a href=\"http:\/\/darstal.eu\/wp-content\/uploads\/2021\/06\/Warunki-zlecenia-transportowego.pdf\">Warunki zlecenia transportowego<\/a><\/li>\n<li><a href=\"https:\/\/darstal.eu\/wp-content\/uploads\/2023\/12\/darstal.pdf\" target=\"_blank\">O\u015bwiadczenie o przestrzeganiu sankcji<\/a><br><\/li>\n<\/ul>\t\t\t\t\t\t<\/div>\n\t\t\t\t<\/div>\n\t\t\t\t\t<\/div>\n\t\t<\/div>\n\t\t\t\t\t\t\t<\/div>\n\t\t<\/section>\n\t\t\t\t\t\t\t<\/div>","protected":false},"excerpt":{"rendered":"<p>DOKUMENTY DO POBRANIA Upowa\u017cnienie do sk\u0142adania zam\u00f3wie\u0144, odbioru towar\u00f3w O\u015bwiadczenie czynnego podatnika podatk\u00f3w od towar\u00f3w i us\u0142ug Upowa\u017cnienie do sk\u0142adania o\u015bwiadcze\u0144 woli w imieniu firmy Klauzula informacyjna dla kandydat\u00f3w OWS RODO Warunki zlecenia transportowego O\u015bwiadczenie o przestrzeganiu sankcji<\/p>","protected":false},"author":1,"featured_media":0,"parent":0,"menu_order":0,"comment_status":"closed","ping_status":"closed","template":"","meta":{"footnotes":""},"yoast_head":"<!-- This site is optimized with the Yoast SEO plugin v19.10 - https:\/\/yoast.com\/wordpress\/plugins\/seo\/ -->\n<title>Dokumenty do pobrania - DARSTAL<\/title>\n<meta name=\"robots\" content=\"index, follow, max-snippet:-1, max-image-preview:large, max-video-preview:-1\" \/>\n<link rel=\"canonical\" href=\"https:\/\/darstal.eu\/en\/dokumenty-do-pobrania\/\" \/>\n<meta property=\"og:locale\" content=\"en_GB\" \/>\n<meta property=\"og:type\" content=\"article\" \/>\n<meta property=\"og:title\" content=\"Dokumenty do pobrania - DARSTAL\" \/>\n<meta property=\"og:description\" content=\"DOKUMENTY DO POBRANIA Upowa\u017cnienie do sk\u0142adania zam\u00f3wie\u0144, odbioru towar\u00f3w O\u015bwiadczenie czynnego podatnika podatk\u00f3w od towar\u00f3w i us\u0142ug Upowa\u017cnienie do sk\u0142adania o\u015bwiadcze\u0144 woli w imieniu firmy Klauzula informacyjna dla kandydat\u00f3w OWS RODO Warunki zlecenia transportowego O\u015bwiadczenie o przestrzeganiu sankcji\" \/>\n<meta property=\"og:url\" content=\"https:\/\/darstal.eu\/en\/dokumenty-do-pobrania\/\" \/>\n<meta property=\"og:site_name\" content=\"DARSTAL\" \/>\n<meta property=\"article:modified_time\" content=\"2023-12-05T07:54:21+00:00\" \/>\n<meta name=\"twitter:card\" content=\"summary_large_image\" \/>\n<meta name=\"twitter:label1\" content=\"Estimated reading time\" \/>\n\t<meta name=\"twitter:data1\" content=\"1 minute\" \/>\n<script type=\"application\/ld+json\" class=\"yoast-schema-graph\">{\"@context\":\"https:\/\/schema.org\",\"@graph\":[{\"@type\":\"WebPage\",\"@id\":\"https:\/\/darstal.eu\/pl\/dokumenty-do-pobrania\/\",\"url\":\"https:\/\/darstal.eu\/pl\/dokumenty-do-pobrania\/\",\"name\":\"Dokumenty do pobrania - DARSTAL\",\"isPartOf\":{\"@id\":\"https:\/\/darstal.eu\/pl\/#website\"},\"datePublished\":\"2021-06-24T05:42:35+00:00\",\"dateModified\":\"2023-12-05T07:54:21+00:00\",\"breadcrumb\":{\"@id\":\"https:\/\/darstal.eu\/pl\/dokumenty-do-pobrania\/#breadcrumb\"},\"inLanguage\":\"en-GB\",\"potentialAction\":[{\"@type\":\"ReadAction\",\"target\":[\"https:\/\/darstal.eu\/pl\/dokumenty-do-pobrania\/\"]}]},{\"@type\":\"BreadcrumbList\",\"@id\":\"https:\/\/darstal.eu\/pl\/dokumenty-do-pobrania\/#breadcrumb\",\"itemListElement\":[{\"@type\":\"ListItem\",\"position\":1,\"name\":\"Strona g\u0142\u00f3wna\",\"item\":\"https:\/\/darstal.eu\/pl\/\"},{\"@type\":\"ListItem\",\"position\":2,\"name\":\"Dokumenty do pobrania\"}]},{\"@type\":\"WebSite\",\"@id\":\"https:\/\/darstal.eu\/pl\/#website\",\"url\":\"https:\/\/darstal.eu\/pl\/\",\"name\":\"DARSTAL\",\"description\":\"STALOWE CENTRUM SERWISOWE\",\"publisher\":{\"@id\":\"https:\/\/darstal.eu\/pl\/#organization\"},\"potentialAction\":[{\"@type\":\"SearchAction\",\"target\":{\"@type\":\"EntryPoint\",\"urlTemplate\":\"https:\/\/darstal.eu\/pl\/?s={search_term_string}\"},\"query-input\":\"required name=search_term_string\"}],\"inLanguage\":\"en-GB\"},{\"@type\":\"Organization\",\"@id\":\"https:\/\/darstal.eu\/pl\/#organization\",\"name\":\"DARSTAL\",\"url\":\"https:\/\/darstal.eu\/pl\/\",\"logo\":{\"@type\":\"ImageObject\",\"inLanguage\":\"en-GB\",\"@id\":\"https:\/\/darstal.eu\/pl\/#\/schema\/logo\/image\/\",\"url\":\"https:\/\/darstal.eu\/wp-content\/uploads\/2021\/06\/darstal_logo_01.png\",\"contentUrl\":\"https:\/\/darstal.eu\/wp-content\/uploads\/2021\/06\/darstal_logo_01.png\",\"width\":501,\"height\":119,\"caption\":\"DARSTAL\"},\"image\":{\"@id\":\"https:\/\/darstal.eu\/pl\/#\/schema\/logo\/image\/\"}}]}<\/script>\n<!-- \/ Yoast SEO plugin. -->","yoast_head_json":{"title":"Dokumenty do pobrania - DARSTAL","robots":{"index":"index","follow":"follow","max-snippet":"max-snippet:-1","max-image-preview":"max-image-preview:large","max-video-preview":"max-video-preview:-1"},"canonical":"https:\/\/darstal.eu\/en\/dokumenty-do-pobrania\/","og_locale":"en_GB","og_type":"article","og_title":"Dokumenty do pobrania - DARSTAL","og_description":"DOKUMENTY DO POBRANIA Upowa\u017cnienie do sk\u0142adania zam\u00f3wie\u0144, odbioru towar\u00f3w O\u015bwiadczenie czynnego podatnika podatk\u00f3w od towar\u00f3w i us\u0142ug Upowa\u017cnienie do sk\u0142adania o\u015bwiadcze\u0144 woli w imieniu firmy Klauzula informacyjna dla kandydat\u00f3w OWS RODO Warunki zlecenia transportowego O\u015bwiadczenie o przestrzeganiu sankcji","og_url":"https:\/\/darstal.eu\/en\/dokumenty-do-pobrania\/","og_site_name":"DARSTAL","article_modified_time":"2023-12-05T07:54:21+00:00","twitter_card":"summary_large_image","twitter_misc":{"Estimated reading time":"1 minute"},"schema":{"@context":"https:\/\/schema.org","@graph":[{"@type":"WebPage","@id":"https:\/\/darstal.eu\/pl\/dokumenty-do-pobrania\/","url":"https:\/\/darstal.eu\/pl\/dokumenty-do-pobrania\/","name":"Dokumenty do pobrania - DARSTAL","isPartOf":{"@id":"https:\/\/darstal.eu\/pl\/#website"},"datePublished":"2021-06-24T05:42:35+00:00","dateModified":"2023-12-05T07:54:21+00:00","breadcrumb":{"@id":"https:\/\/darstal.eu\/pl\/dokumenty-do-pobrania\/#breadcrumb"},"inLanguage":"en-GB","potentialAction":[{"@type":"ReadAction","target":["https:\/\/darstal.eu\/pl\/dokumenty-do-pobrania\/"]}]},{"@type":"BreadcrumbList","@id":"https:\/\/darstal.eu\/pl\/dokumenty-do-pobrania\/#breadcrumb","itemListElement":[{"@type":"ListItem","position":1,"name":"Strona g\u0142\u00f3wna","item":"https:\/\/darstal.eu\/pl\/"},{"@type":"ListItem","position":2,"name":"Dokumenty do pobrania"}]},{"@type":"WebSite","@id":"https:\/\/darstal.eu\/pl\/#website","url":"https:\/\/darstal.eu\/pl\/","name":"DARSTAL","description":"STALOWE CENTRUM SERWISOWE","publisher":{"@id":"https:\/\/darstal.eu\/pl\/#organization"},"potentialAction":[{"@type":"SearchAction","target":{"@type":"EntryPoint","urlTemplate":"https:\/\/darstal.eu\/pl\/?s={search_term_string}"},"query-input":"required name=search_term_string"}],"inLanguage":"en-GB"},{"@type":"Organization","@id":"https:\/\/darstal.eu\/pl\/#organization","name":"DARSTAL","url":"https:\/\/darstal.eu\/pl\/","logo":{"@type":"ImageObject","inLanguage":"en-GB","@id":"https:\/\/darstal.eu\/pl\/#\/schema\/logo\/image\/","url":"https:\/\/darstal.eu\/wp-content\/uploads\/2021\/06\/darstal_logo_01.png","contentUrl":"https:\/\/darstal.eu\/wp-content\/uploads\/2021\/06\/darstal_logo_01.png","width":501,"height":119,"caption":"DARSTAL"},"image":{"@id":"https:\/\/darstal.eu\/pl\/#\/schema\/logo\/image\/"}}]}},"_links":{"self":[{"href":"https:\/\/darstal.eu\/en\/wp-json\/wp\/v2\/pages\/1633"}],"collection":[{"href":"https:\/\/darstal.eu\/en\/wp-json\/wp\/v2\/pages"}],"about":[{"href":"https:\/\/darstal.eu\/en\/wp-json\/wp\/v2\/types\/page"}],"author":[{"embeddable":true,"href":"https:\/\/darstal.eu\/en\/wp-json\/wp\/v2\/users\/1"}],"replies":[{"embeddable":true,"href":"https:\/\/darstal.eu\/en\/wp-json\/wp\/v2\/comments?post=1633"}],"version-history":[{"count":44,"href":"https:\/\/darstal.eu\/en\/wp-json\/wp\/v2\/pages\/1633\/revisions"}],"predecessor-version":[{"id":2214,"href":"https:\/\/darstal.eu\/en\/wp-json\/wp\/v2\/pages\/1633\/revisions\/2214"}],"wp:attachment":[{"href":"https:\/\/darstal.eu\/en\/wp-json\/wp\/v2\/media?parent=1633"}],"curies":[{"name":"wp","href":"https:\/\/api.w.org\/{rel}","templated":true}]}}