{"id":2050,"date":"2022-12-13T07:01:32","date_gmt":"2022-12-13T07:01:32","guid":{"rendered":"https:\/\/darstal.eu\/?page_id=2050"},"modified":"2022-12-13T07:53:05","modified_gmt":"2022-12-13T07:53:05","slug":"fazowanie-mechaniczne","status":"publish","type":"page","link":"https:\/\/darstal.eu\/en\/uslugi-przetworstwa-wyrobow-hutniczych\/fazowanie-mechaniczne\/","title":{"rendered":"Fazowanie mechaniczne"},"content":{"rendered":"<div data-elementor-type=\"wp-page\" data-elementor-id=\"2050\" class=\"elementor elementor-2050\">\n\t\t\t\t\t\t\t\t\t<section class=\"elementor-section elementor-top-section elementor-element elementor-element-f8c7922 elementor-section-boxed elementor-section-height-default elementor-section-height-default\" data-id=\"f8c7922\" data-element_type=\"section\">\n\t\t\t\t\t\t<div class=\"elementor-container elementor-column-gap-default\">\n\t\t\t\t\t<div class=\"elementor-column elementor-col-100 elementor-top-column elementor-element elementor-element-2cbf58fc\" data-id=\"2cbf58fc\" data-element_type=\"column\">\n\t\t\t<div class=\"elementor-widget-wrap elementor-element-populated\">\n\t\t\t\t\t\t\t\t<div class=\"elementor-element elementor-element-101bd9a7 elementor-widget elementor-widget-text-editor\" data-id=\"101bd9a7\" data-element_type=\"widget\" data-widget_type=\"text-editor.default\">\n\t\t\t\t<div class=\"elementor-widget-container\">\n\t\t\t\t\t\t\t<p>W ramach kompleksowej obs\u0142ugi, oferujemy us\u0142ug\u0119 ukosowanie\/fazowanie kraw\u0119dzi wypalonych detali. Obrabiamy (ukosujemy) prostolinijne kraw\u0119dzie detali nadaj\u0105c im kszta\u0142ty X, Y, K &#8211; przygotowanie detali do spawania.<\/p>\t\t\t\t\t\t<\/div>\n\t\t\t\t<\/div>\n\t\t\t\t\t<\/div>\n\t\t<\/div>\n\t\t\t\t\t\t\t<\/div>\n\t\t<\/section>\n\t\t\t\t\t\t\t<\/div>","protected":false},"excerpt":{"rendered":"<p>W ramach kompleksowej obs\u0142ugi, oferujemy us\u0142ug\u0119 ukosowanie\/fazowanie kraw\u0119dzi wypalonych detali. Obrabiamy (ukosujemy) prostolinijne kraw\u0119dzie detali nadaj\u0105c im kszta\u0142ty X, Y, K &#8211; przygotowanie detali do spawania.<\/p>","protected":false},"author":2,"featured_media":0,"parent":292,"menu_order":1,"comment_status":"closed","ping_status":"closed","template":"elementor_theme","meta":{"footnotes":""},"yoast_head":"<!-- This site is optimized with the Yoast SEO plugin v19.10 - https:\/\/yoast.com\/wordpress\/plugins\/seo\/ -->\n<title>Fazowanie mechaniczne - DARSTAL Fazowanie mechaniczne<\/title>\n<meta name=\"description\" content=\"W ramach kompleksowej obs\u0142ugi, oferujemy us\u0142ug\u0119 ukosowanie\/fazowanie kraw\u0119dzi wypalonych detali. Obrabiamy (ukosujemy) prostolinijne kraw\u0119dzie detali nadaj\u0105c im kszta\u0142ty X, Y, K - przygotowanie detali do spawania.\" \/>\n<meta name=\"robots\" content=\"index, follow, max-snippet:-1, max-image-preview:large, max-video-preview:-1\" \/>\n<link rel=\"canonical\" href=\"https:\/\/darstal.eu\/en\/uslugi-przetworstwa-wyrobow-hutniczych\/fazowanie-mechaniczne\/\" \/>\n<meta property=\"og:locale\" content=\"en_GB\" \/>\n<meta property=\"og:type\" content=\"article\" \/>\n<meta property=\"og:title\" content=\"Fazowanie mechaniczne - DARSTAL Fazowanie mechaniczne\" \/>\n<meta property=\"og:description\" content=\"W ramach kompleksowej obs\u0142ugi, oferujemy us\u0142ug\u0119 ukosowanie\/fazowanie kraw\u0119dzi wypalonych detali. Obrabiamy (ukosujemy) prostolinijne kraw\u0119dzie detali nadaj\u0105c im kszta\u0142ty X, Y, K - przygotowanie detali do spawania.\" \/>\n<meta property=\"og:url\" content=\"https:\/\/darstal.eu\/en\/uslugi-przetworstwa-wyrobow-hutniczych\/fazowanie-mechaniczne\/\" \/>\n<meta property=\"og:site_name\" content=\"DARSTAL\" \/>\n<meta property=\"article:modified_time\" content=\"2022-12-13T07:53:05+00:00\" \/>\n<meta name=\"twitter:card\" content=\"summary_large_image\" \/>\n<meta name=\"twitter:label1\" content=\"Estimated reading time\" \/>\n\t<meta name=\"twitter:data1\" content=\"1 minute\" \/>\n<script type=\"application\/ld+json\" class=\"yoast-schema-graph\">{\"@context\":\"https:\/\/schema.org\",\"@graph\":[{\"@type\":\"WebPage\",\"@id\":\"https:\/\/darstal.eu\/pl\/uslugi-przetworstwa-wyrobow-hutniczych\/fazowanie-mechaniczne\/\",\"url\":\"https:\/\/darstal.eu\/pl\/uslugi-przetworstwa-wyrobow-hutniczych\/fazowanie-mechaniczne\/\",\"name\":\"Fazowanie mechaniczne - DARSTAL Fazowanie mechaniczne\",\"isPartOf\":{\"@id\":\"https:\/\/darstal.eu\/pl\/#website\"},\"datePublished\":\"2022-12-13T07:01:32+00:00\",\"dateModified\":\"2022-12-13T07:53:05+00:00\",\"description\":\"W ramach kompleksowej obs\u0142ugi, oferujemy us\u0142ug\u0119 ukosowanie\/fazowanie kraw\u0119dzi wypalonych detali. Obrabiamy (ukosujemy) prostolinijne kraw\u0119dzie detali nadaj\u0105c im kszta\u0142ty X, Y, K - przygotowanie detali do spawania.\",\"breadcrumb\":{\"@id\":\"https:\/\/darstal.eu\/pl\/uslugi-przetworstwa-wyrobow-hutniczych\/fazowanie-mechaniczne\/#breadcrumb\"},\"inLanguage\":\"en-GB\",\"potentialAction\":[{\"@type\":\"ReadAction\",\"target\":[\"https:\/\/darstal.eu\/pl\/uslugi-przetworstwa-wyrobow-hutniczych\/fazowanie-mechaniczne\/\"]}]},{\"@type\":\"BreadcrumbList\",\"@id\":\"https:\/\/darstal.eu\/pl\/uslugi-przetworstwa-wyrobow-hutniczych\/fazowanie-mechaniczne\/#breadcrumb\",\"itemListElement\":[{\"@type\":\"ListItem\",\"position\":1,\"name\":\"Strona g\u0142\u00f3wna\",\"item\":\"https:\/\/darstal.eu\/pl\/\"},{\"@type\":\"ListItem\",\"position\":2,\"name\":\"Us\u0142ugi przetw\u00f3rstwa wyrob\u00f3w hutniczych\",\"item\":\"https:\/\/darstal.eu\/pl\/uslugi-przetworstwa-wyrobow-hutniczych\/\"},{\"@type\":\"ListItem\",\"position\":3,\"name\":\"Fazowanie mechaniczne\"}]},{\"@type\":\"WebSite\",\"@id\":\"https:\/\/darstal.eu\/pl\/#website\",\"url\":\"https:\/\/darstal.eu\/pl\/\",\"name\":\"DARSTAL\",\"description\":\"STALOWE CENTRUM SERWISOWE\",\"publisher\":{\"@id\":\"https:\/\/darstal.eu\/pl\/#organization\"},\"potentialAction\":[{\"@type\":\"SearchAction\",\"target\":{\"@type\":\"EntryPoint\",\"urlTemplate\":\"https:\/\/darstal.eu\/pl\/?s={search_term_string}\"},\"query-input\":\"required name=search_term_string\"}],\"inLanguage\":\"en-GB\"},{\"@type\":\"Organization\",\"@id\":\"https:\/\/darstal.eu\/pl\/#organization\",\"name\":\"DARSTAL\",\"url\":\"https:\/\/darstal.eu\/pl\/\",\"logo\":{\"@type\":\"ImageObject\",\"inLanguage\":\"en-GB\",\"@id\":\"https:\/\/darstal.eu\/pl\/#\/schema\/logo\/image\/\",\"url\":\"https:\/\/darstal.eu\/wp-content\/uploads\/2021\/06\/darstal_logo_01.png\",\"contentUrl\":\"https:\/\/darstal.eu\/wp-content\/uploads\/2021\/06\/darstal_logo_01.png\",\"width\":501,\"height\":119,\"caption\":\"DARSTAL\"},\"image\":{\"@id\":\"https:\/\/darstal.eu\/pl\/#\/schema\/logo\/image\/\"}}]}<\/script>\n<!-- \/ Yoast SEO plugin. -->","yoast_head_json":{"title":"Fazowanie mechaniczne - DARSTAL Fazowanie mechaniczne","description":"W ramach kompleksowej obs\u0142ugi, oferujemy us\u0142ug\u0119 ukosowanie\/fazowanie kraw\u0119dzi wypalonych detali. Obrabiamy (ukosujemy) prostolinijne kraw\u0119dzie detali nadaj\u0105c im kszta\u0142ty X, Y, K - przygotowanie detali do spawania.","robots":{"index":"index","follow":"follow","max-snippet":"max-snippet:-1","max-image-preview":"max-image-preview:large","max-video-preview":"max-video-preview:-1"},"canonical":"https:\/\/darstal.eu\/en\/uslugi-przetworstwa-wyrobow-hutniczych\/fazowanie-mechaniczne\/","og_locale":"en_GB","og_type":"article","og_title":"Fazowanie mechaniczne - DARSTAL Fazowanie mechaniczne","og_description":"W ramach kompleksowej obs\u0142ugi, oferujemy us\u0142ug\u0119 ukosowanie\/fazowanie kraw\u0119dzi wypalonych detali. Obrabiamy (ukosujemy) prostolinijne kraw\u0119dzie detali nadaj\u0105c im kszta\u0142ty X, Y, K - przygotowanie detali do spawania.","og_url":"https:\/\/darstal.eu\/en\/uslugi-przetworstwa-wyrobow-hutniczych\/fazowanie-mechaniczne\/","og_site_name":"DARSTAL","article_modified_time":"2022-12-13T07:53:05+00:00","twitter_card":"summary_large_image","twitter_misc":{"Estimated reading time":"1 minute"},"schema":{"@context":"https:\/\/schema.org","@graph":[{"@type":"WebPage","@id":"https:\/\/darstal.eu\/pl\/uslugi-przetworstwa-wyrobow-hutniczych\/fazowanie-mechaniczne\/","url":"https:\/\/darstal.eu\/pl\/uslugi-przetworstwa-wyrobow-hutniczych\/fazowanie-mechaniczne\/","name":"Fazowanie mechaniczne - DARSTAL Fazowanie mechaniczne","isPartOf":{"@id":"https:\/\/darstal.eu\/pl\/#website"},"datePublished":"2022-12-13T07:01:32+00:00","dateModified":"2022-12-13T07:53:05+00:00","description":"W ramach kompleksowej obs\u0142ugi, oferujemy us\u0142ug\u0119 ukosowanie\/fazowanie kraw\u0119dzi wypalonych detali. Obrabiamy (ukosujemy) prostolinijne kraw\u0119dzie detali nadaj\u0105c im kszta\u0142ty X, Y, K - przygotowanie detali do spawania.","breadcrumb":{"@id":"https:\/\/darstal.eu\/pl\/uslugi-przetworstwa-wyrobow-hutniczych\/fazowanie-mechaniczne\/#breadcrumb"},"inLanguage":"en-GB","potentialAction":[{"@type":"ReadAction","target":["https:\/\/darstal.eu\/pl\/uslugi-przetworstwa-wyrobow-hutniczych\/fazowanie-mechaniczne\/"]}]},{"@type":"BreadcrumbList","@id":"https:\/\/darstal.eu\/pl\/uslugi-przetworstwa-wyrobow-hutniczych\/fazowanie-mechaniczne\/#breadcrumb","itemListElement":[{"@type":"ListItem","position":1,"name":"Strona g\u0142\u00f3wna","item":"https:\/\/darstal.eu\/pl\/"},{"@type":"ListItem","position":2,"name":"Us\u0142ugi przetw\u00f3rstwa wyrob\u00f3w hutniczych","item":"https:\/\/darstal.eu\/pl\/uslugi-przetworstwa-wyrobow-hutniczych\/"},{"@type":"ListItem","position":3,"name":"Fazowanie mechaniczne"}]},{"@type":"WebSite","@id":"https:\/\/darstal.eu\/pl\/#website","url":"https:\/\/darstal.eu\/pl\/","name":"DARSTAL","description":"STALOWE CENTRUM SERWISOWE","publisher":{"@id":"https:\/\/darstal.eu\/pl\/#organization"},"potentialAction":[{"@type":"SearchAction","target":{"@type":"EntryPoint","urlTemplate":"https:\/\/darstal.eu\/pl\/?s={search_term_string}"},"query-input":"required name=search_term_string"}],"inLanguage":"en-GB"},{"@type":"Organization","@id":"https:\/\/darstal.eu\/pl\/#organization","name":"DARSTAL","url":"https:\/\/darstal.eu\/pl\/","logo":{"@type":"ImageObject","inLanguage":"en-GB","@id":"https:\/\/darstal.eu\/pl\/#\/schema\/logo\/image\/","url":"https:\/\/darstal.eu\/wp-content\/uploads\/2021\/06\/darstal_logo_01.png","contentUrl":"https:\/\/darstal.eu\/wp-content\/uploads\/2021\/06\/darstal_logo_01.png","width":501,"height":119,"caption":"DARSTAL"},"image":{"@id":"https:\/\/darstal.eu\/pl\/#\/schema\/logo\/image\/"}}]}},"_links":{"self":[{"href":"https:\/\/darstal.eu\/en\/wp-json\/wp\/v2\/pages\/2050"}],"collection":[{"href":"https:\/\/darstal.eu\/en\/wp-json\/wp\/v2\/pages"}],"about":[{"href":"https:\/\/darstal.eu\/en\/wp-json\/wp\/v2\/types\/page"}],"author":[{"embeddable":true,"href":"https:\/\/darstal.eu\/en\/wp-json\/wp\/v2\/users\/2"}],"replies":[{"embeddable":true,"href":"https:\/\/darstal.eu\/en\/wp-json\/wp\/v2\/comments?post=2050"}],"version-history":[{"count":5,"href":"https:\/\/darstal.eu\/en\/wp-json\/wp\/v2\/pages\/2050\/revisions"}],"predecessor-version":[{"id":2057,"href":"https:\/\/darstal.eu\/en\/wp-json\/wp\/v2\/pages\/2050\/revisions\/2057"}],"up":[{"embeddable":true,"href":"https:\/\/darstal.eu\/en\/wp-json\/wp\/v2\/pages\/292"}],"wp:attachment":[{"href":"https:\/\/darstal.eu\/en\/wp-json\/wp\/v2\/media?parent=2050"}],"curies":[{"name":"wp","href":"https:\/\/api.w.org\/{rel}","templated":true}]}}