{"id":497,"date":"2021-06-08T18:34:32","date_gmt":"2021-06-08T18:34:32","guid":{"rendered":"http:\/\/darstal.eu\/?page_id=497"},"modified":"2023-06-26T07:33:22","modified_gmt":"2023-06-26T07:33:22","slug":"uslugi-wykonywania-zbrojen-budowlanych","status":"publish","type":"page","link":"https:\/\/darstal.eu\/en\/uslugi-wykonywania-zbrojen-budowlanych\/","title":{"rendered":"Production of construction reinforcements"},"content":{"rendered":"<div data-elementor-type=\"wp-page\" data-elementor-id=\"497\" class=\"elementor elementor-497\">\n\t\t\t\t\t\t\t\t\t<section class=\"elementor-section elementor-top-section elementor-element elementor-element-6e9ad7b3 elementor-section-full_width elementor-section-height-default elementor-section-height-default elementor-invisible\" data-id=\"6e9ad7b3\" data-element_type=\"section\" data-settings=\"{&quot;animation&quot;:&quot;fadeInUp&quot;}\">\n\t\t\t\t\t\t<div class=\"elementor-container elementor-column-gap-default\">\n\t\t\t\t\t<div class=\"elementor-column elementor-col-100 elementor-top-column elementor-element elementor-element-6a4cf47b\" data-id=\"6a4cf47b\" data-element_type=\"column\">\n\t\t\t<div class=\"elementor-widget-wrap elementor-element-populated\">\n\t\t\t\t\t\t\t\t<div class=\"elementor-element elementor-element-48efccf7 elementor-widget elementor-widget-heading\" data-id=\"48efccf7\" data-element_type=\"widget\" data-widget_type=\"heading.default\">\n\t\t\t\t<div class=\"elementor-widget-container\">\n\t\t\t<h5 class=\"elementor-heading-title elementor-size-default\">CONSTRUCTION REINFORCEMENT SERVICES<\/h5>\t\t<\/div>\n\t\t\t\t<\/div>\n\t\t\t\t<div class=\"elementor-element elementor-element-0a0b28f elementor-widget elementor-widget-text-editor\" data-id=\"0a0b28f\" data-element_type=\"widget\" data-widget_type=\"text-editor.default\">\n\t\t\t\t<div class=\"elementor-widget-container\">\n\t\t\t\t\t\t\t<p><strong>We offer reinforcement for the construction industry, made of rebars with a diameter of 6 mm to 32 mm. We have a rebar cutting line, stirrup production machines, benders, etc.\u00a0<\/strong><\/p>\t\t\t\t\t\t<\/div>\n\t\t\t\t<\/div>\n\t\t\t\t\t<\/div>\n\t\t<\/div>\n\t\t\t\t\t\t\t<\/div>\n\t\t<\/section>\n\t\t\t\t<section class=\"elementor-section elementor-top-section elementor-element elementor-element-efa9c52 elementor-section-full_width elementor-section-height-default elementor-section-height-default elementor-invisible\" data-id=\"efa9c52\" data-element_type=\"section\" data-settings=\"{&quot;animation&quot;:&quot;fadeInUp&quot;}\">\n\t\t\t\t\t\t<div class=\"elementor-container elementor-column-gap-default\">\n\t\t\t\t\t<div class=\"elementor-column elementor-col-50 elementor-top-column elementor-element elementor-element-0af977d\" data-id=\"0af977d\" data-element_type=\"column\">\n\t\t\t<div class=\"elementor-widget-wrap elementor-element-populated\">\n\t\t\t\t\t\t\t\t<div class=\"elementor-element elementor-element-4f54108 elementor-widget elementor-widget-image\" data-id=\"4f54108\" data-element_type=\"widget\" data-widget_type=\"image.default\">\n\t\t\t\t<div class=\"elementor-widget-container\">\n\t\t\t\t\t\t\t\t\t\t\t\t\t\t\t<img loading=\"lazy\" decoding=\"async\" width=\"800\" height=\"534\" src=\"https:\/\/darstal.eu\/wp-content\/uploads\/2021\/06\/DSC5000-1024x683.jpg\" class=\"attachment-large size-large\" alt=\"\" srcset=\"https:\/\/darstal.eu\/wp-content\/uploads\/2021\/06\/DSC5000-1024x683.jpg 1024w, https:\/\/darstal.eu\/wp-content\/uploads\/2021\/06\/DSC5000-300x200.jpg 300w, https:\/\/darstal.eu\/wp-content\/uploads\/2021\/06\/DSC5000-768x512.jpg 768w, https:\/\/darstal.eu\/wp-content\/uploads\/2021\/06\/DSC5000-1536x1024.jpg 1536w, https:\/\/darstal.eu\/wp-content\/uploads\/2021\/06\/DSC5000.jpg 1920w\" sizes=\"(max-width: 800px) 100vw, 800px\" \/>\t\t\t\t\t\t\t\t\t\t\t\t\t\t\t<\/div>\n\t\t\t\t<\/div>\n\t\t\t\t\t<\/div>\n\t\t<\/div>\n\t\t\t\t<div class=\"elementor-column elementor-col-50 elementor-top-column elementor-element elementor-element-d3a9868\" data-id=\"d3a9868\" data-element_type=\"column\">\n\t\t\t<div class=\"elementor-widget-wrap elementor-element-populated\">\n\t\t\t\t\t\t\t\t<div class=\"elementor-element elementor-element-3b264ca elementor-widget elementor-widget-text-editor\" data-id=\"3b264ca\" data-element_type=\"widget\" data-widget_type=\"text-editor.default\">\n\t\t\t\t<div class=\"elementor-widget-container\">\n\t\t\t\t\t\t\t<p>Each series of our products by us is marked. The labels attached to the prefabrication contain data on the construction site, the name of the ordering company, the prefabrication number from the steel list, the diameter of the bar and the number of pieces. Quality documents such as approvals and declarations of conformity are attached to each shipment. <br \/>The products are mainly made of A - III N class steel, grades B500B, B 500 SP (EPSTAL), and B500A. <br \/>Our company offers convenient forms of collection and delivery of prefabricated construction steel.<\/p>\t\t\t\t\t\t<\/div>\n\t\t\t\t<\/div>\n\t\t\t\t\t<\/div>\n\t\t<\/div>\n\t\t\t\t\t\t\t<\/div>\n\t\t<\/section>\n\t\t\t\t<section class=\"elementor-section elementor-top-section elementor-element elementor-element-dd2be68 elementor-section-full_width elementor-section-height-default elementor-section-height-default elementor-invisible\" data-id=\"dd2be68\" data-element_type=\"section\" data-settings=\"{&quot;animation&quot;:&quot;fadeInUp&quot;}\">\n\t\t\t\t\t\t<div class=\"elementor-container elementor-column-gap-default\">\n\t\t\t\t\t<div class=\"elementor-column elementor-col-100 elementor-top-column elementor-element elementor-element-0746cf1\" data-id=\"0746cf1\" data-element_type=\"column\">\n\t\t\t<div class=\"elementor-widget-wrap elementor-element-populated\">\n\t\t\t\t\t\t\t\t<div class=\"elementor-element elementor-element-7b2e79b elementor-widget elementor-widget-text-editor\" data-id=\"7b2e79b\" data-element_type=\"widget\" data-widget_type=\"text-editor.default\">\n\t\t\t\t<div class=\"elementor-widget-container\">\n\t\t\t\t\t\t\t<p>We provide <a href=\"http:\/\/darstal.eu\/en\/transport\/\">transport<\/a> with our own car fleet as well as self-collection.<\/p><p>We offer short delivery times for production orders. <br \/><br \/>Contact: <a href=\"https:\/\/darstal.eu\/en\/kontakt\/#zbrojarnia\">Construction reinforcements department<\/a><\/p><p><strong>\u00a0<\/strong><\/p>\t\t\t\t\t\t<\/div>\n\t\t\t\t<\/div>\n\t\t\t\t\t<\/div>\n\t\t<\/div>\n\t\t\t\t\t\t\t<\/div>\n\t\t<\/section>\n\t\t\t\t\t\t\t<\/div>","protected":false},"excerpt":{"rendered":"<p>US\u0141UGI WYKONYWANIA ZBROJE\u0143 BUDOWLANYCH Oferujemy wykonywanie zbroje\u0144 dla przemys\u0142u budowlanego w zakresie \u015brednic pr\u0119t\u00f3w zbrojeniowych od 6 mm do 32 mm. Posiadamy lini\u0119 do ci\u0119cia pr\u0119t\u00f3w, automaty do produkcji strzemion, gi\u0119tarki, itp.\u00a0 Ka\u017cda wyprodukowana przez nas seria produktu jest oznakowany. Na etykietach do\u0142\u0105czonych do prefabrykacji znajduj\u0105 si\u0119 dane dotycz\u0105ce miejsca budowy, nazwa firmy zamawiaj\u0105cej, numer [&hellip;]<\/p>","protected":false},"author":1,"featured_media":0,"parent":0,"menu_order":0,"comment_status":"closed","ping_status":"closed","template":"","meta":{"footnotes":""},"yoast_head":"<!-- This site is optimized with the Yoast SEO plugin v19.10 - https:\/\/yoast.com\/wordpress\/plugins\/seo\/ -->\n<title>Us\u0142ugi wykonywania zbroje\u0144 budowlanych - DARSTAL<\/title>\n<meta name=\"robots\" content=\"index, follow, max-snippet:-1, max-image-preview:large, max-video-preview:-1\" \/>\n<link rel=\"canonical\" href=\"https:\/\/darstal.eu\/en\/uslugi-wykonywania-zbrojen-budowlanych\/\" \/>\n<meta property=\"og:locale\" content=\"en_GB\" \/>\n<meta property=\"og:type\" content=\"article\" \/>\n<meta property=\"og:title\" content=\"Us\u0142ugi wykonywania zbroje\u0144 budowlanych - DARSTAL\" \/>\n<meta property=\"og:description\" content=\"US\u0141UGI WYKONYWANIA ZBROJE\u0143 BUDOWLANYCH Oferujemy wykonywanie zbroje\u0144 dla przemys\u0142u budowlanego w zakresie \u015brednic pr\u0119t\u00f3w zbrojeniowych od 6 mm do 32 mm. Posiadamy lini\u0119 do ci\u0119cia pr\u0119t\u00f3w, automaty do produkcji strzemion, gi\u0119tarki, itp.\u00a0 Ka\u017cda wyprodukowana przez nas seria produktu jest oznakowany. Na etykietach do\u0142\u0105czonych do prefabrykacji znajduj\u0105 si\u0119 dane dotycz\u0105ce miejsca budowy, nazwa firmy zamawiaj\u0105cej, numer [&hellip;]\" \/>\n<meta property=\"og:url\" content=\"https:\/\/darstal.eu\/en\/uslugi-wykonywania-zbrojen-budowlanych\/\" \/>\n<meta property=\"og:site_name\" content=\"DARSTAL\" \/>\n<meta property=\"article:modified_time\" content=\"2023-06-26T07:33:22+00:00\" \/>\n<meta property=\"og:image\" content=\"https:\/\/darstal.eu\/wp-content\/uploads\/2021\/06\/DSC5000-1024x683.jpg\" \/>\n<meta name=\"twitter:card\" content=\"summary_large_image\" \/>\n<meta name=\"twitter:label1\" content=\"Estimated reading time\" \/>\n\t<meta name=\"twitter:data1\" content=\"1 minute\" \/>\n<script type=\"application\/ld+json\" class=\"yoast-schema-graph\">{\"@context\":\"https:\/\/schema.org\",\"@graph\":[{\"@type\":\"WebPage\",\"@id\":\"https:\/\/darstal.eu\/pl\/uslugi-wykonywania-zbrojen-budowlanych\/\",\"url\":\"https:\/\/darstal.eu\/pl\/uslugi-wykonywania-zbrojen-budowlanych\/\",\"name\":\"Us\u0142ugi wykonywania zbroje\u0144 budowlanych - DARSTAL\",\"isPartOf\":{\"@id\":\"https:\/\/darstal.eu\/pl\/#website\"},\"datePublished\":\"2021-06-08T18:34:32+00:00\",\"dateModified\":\"2023-06-26T07:33:22+00:00\",\"breadcrumb\":{\"@id\":\"https:\/\/darstal.eu\/pl\/uslugi-wykonywania-zbrojen-budowlanych\/#breadcrumb\"},\"inLanguage\":\"en-GB\",\"potentialAction\":[{\"@type\":\"ReadAction\",\"target\":[\"https:\/\/darstal.eu\/pl\/uslugi-wykonywania-zbrojen-budowlanych\/\"]}]},{\"@type\":\"BreadcrumbList\",\"@id\":\"https:\/\/darstal.eu\/pl\/uslugi-wykonywania-zbrojen-budowlanych\/#breadcrumb\",\"itemListElement\":[{\"@type\":\"ListItem\",\"position\":1,\"name\":\"Strona g\u0142\u00f3wna\",\"item\":\"https:\/\/darstal.eu\/pl\/\"},{\"@type\":\"ListItem\",\"position\":2,\"name\":\"Us\u0142ugi wykonywania zbroje\u0144 budowlanych\"}]},{\"@type\":\"WebSite\",\"@id\":\"https:\/\/darstal.eu\/pl\/#website\",\"url\":\"https:\/\/darstal.eu\/pl\/\",\"name\":\"DARSTAL\",\"description\":\"STALOWE CENTRUM SERWISOWE\",\"publisher\":{\"@id\":\"https:\/\/darstal.eu\/pl\/#organization\"},\"potentialAction\":[{\"@type\":\"SearchAction\",\"target\":{\"@type\":\"EntryPoint\",\"urlTemplate\":\"https:\/\/darstal.eu\/pl\/?s={search_term_string}\"},\"query-input\":\"required name=search_term_string\"}],\"inLanguage\":\"en-GB\"},{\"@type\":\"Organization\",\"@id\":\"https:\/\/darstal.eu\/pl\/#organization\",\"name\":\"DARSTAL\",\"url\":\"https:\/\/darstal.eu\/pl\/\",\"logo\":{\"@type\":\"ImageObject\",\"inLanguage\":\"en-GB\",\"@id\":\"https:\/\/darstal.eu\/pl\/#\/schema\/logo\/image\/\",\"url\":\"https:\/\/darstal.eu\/wp-content\/uploads\/2021\/06\/darstal_logo_01.png\",\"contentUrl\":\"https:\/\/darstal.eu\/wp-content\/uploads\/2021\/06\/darstal_logo_01.png\",\"width\":501,\"height\":119,\"caption\":\"DARSTAL\"},\"image\":{\"@id\":\"https:\/\/darstal.eu\/pl\/#\/schema\/logo\/image\/\"}}]}<\/script>\n<!-- \/ Yoast SEO plugin. -->","yoast_head_json":{"title":"Us\u0142ugi wykonywania zbroje\u0144 budowlanych - DARSTAL","robots":{"index":"index","follow":"follow","max-snippet":"max-snippet:-1","max-image-preview":"max-image-preview:large","max-video-preview":"max-video-preview:-1"},"canonical":"https:\/\/darstal.eu\/en\/uslugi-wykonywania-zbrojen-budowlanych\/","og_locale":"en_GB","og_type":"article","og_title":"Us\u0142ugi wykonywania zbroje\u0144 budowlanych - DARSTAL","og_description":"US\u0141UGI WYKONYWANIA ZBROJE\u0143 BUDOWLANYCH Oferujemy wykonywanie zbroje\u0144 dla przemys\u0142u budowlanego w zakresie \u015brednic pr\u0119t\u00f3w zbrojeniowych od 6 mm do 32 mm. Posiadamy lini\u0119 do ci\u0119cia pr\u0119t\u00f3w, automaty do produkcji strzemion, gi\u0119tarki, itp.\u00a0 Ka\u017cda wyprodukowana przez nas seria produktu jest oznakowany. Na etykietach do\u0142\u0105czonych do prefabrykacji znajduj\u0105 si\u0119 dane dotycz\u0105ce miejsca budowy, nazwa firmy zamawiaj\u0105cej, numer [&hellip;]","og_url":"https:\/\/darstal.eu\/en\/uslugi-wykonywania-zbrojen-budowlanych\/","og_site_name":"DARSTAL","article_modified_time":"2023-06-26T07:33:22+00:00","og_image":[{"url":"https:\/\/darstal.eu\/wp-content\/uploads\/2021\/06\/DSC5000-1024x683.jpg"}],"twitter_card":"summary_large_image","twitter_misc":{"Estimated reading time":"1 minute"},"schema":{"@context":"https:\/\/schema.org","@graph":[{"@type":"WebPage","@id":"https:\/\/darstal.eu\/pl\/uslugi-wykonywania-zbrojen-budowlanych\/","url":"https:\/\/darstal.eu\/pl\/uslugi-wykonywania-zbrojen-budowlanych\/","name":"Us\u0142ugi wykonywania zbroje\u0144 budowlanych - DARSTAL","isPartOf":{"@id":"https:\/\/darstal.eu\/pl\/#website"},"datePublished":"2021-06-08T18:34:32+00:00","dateModified":"2023-06-26T07:33:22+00:00","breadcrumb":{"@id":"https:\/\/darstal.eu\/pl\/uslugi-wykonywania-zbrojen-budowlanych\/#breadcrumb"},"inLanguage":"en-GB","potentialAction":[{"@type":"ReadAction","target":["https:\/\/darstal.eu\/pl\/uslugi-wykonywania-zbrojen-budowlanych\/"]}]},{"@type":"BreadcrumbList","@id":"https:\/\/darstal.eu\/pl\/uslugi-wykonywania-zbrojen-budowlanych\/#breadcrumb","itemListElement":[{"@type":"ListItem","position":1,"name":"Strona g\u0142\u00f3wna","item":"https:\/\/darstal.eu\/pl\/"},{"@type":"ListItem","position":2,"name":"Us\u0142ugi wykonywania zbroje\u0144 budowlanych"}]},{"@type":"WebSite","@id":"https:\/\/darstal.eu\/pl\/#website","url":"https:\/\/darstal.eu\/pl\/","name":"DARSTAL","description":"STALOWE CENTRUM SERWISOWE","publisher":{"@id":"https:\/\/darstal.eu\/pl\/#organization"},"potentialAction":[{"@type":"SearchAction","target":{"@type":"EntryPoint","urlTemplate":"https:\/\/darstal.eu\/pl\/?s={search_term_string}"},"query-input":"required name=search_term_string"}],"inLanguage":"en-GB"},{"@type":"Organization","@id":"https:\/\/darstal.eu\/pl\/#organization","name":"DARSTAL","url":"https:\/\/darstal.eu\/pl\/","logo":{"@type":"ImageObject","inLanguage":"en-GB","@id":"https:\/\/darstal.eu\/pl\/#\/schema\/logo\/image\/","url":"https:\/\/darstal.eu\/wp-content\/uploads\/2021\/06\/darstal_logo_01.png","contentUrl":"https:\/\/darstal.eu\/wp-content\/uploads\/2021\/06\/darstal_logo_01.png","width":501,"height":119,"caption":"DARSTAL"},"image":{"@id":"https:\/\/darstal.eu\/pl\/#\/schema\/logo\/image\/"}}]}},"_links":{"self":[{"href":"https:\/\/darstal.eu\/en\/wp-json\/wp\/v2\/pages\/497"}],"collection":[{"href":"https:\/\/darstal.eu\/en\/wp-json\/wp\/v2\/pages"}],"about":[{"href":"https:\/\/darstal.eu\/en\/wp-json\/wp\/v2\/types\/page"}],"author":[{"embeddable":true,"href":"https:\/\/darstal.eu\/en\/wp-json\/wp\/v2\/users\/1"}],"replies":[{"embeddable":true,"href":"https:\/\/darstal.eu\/en\/wp-json\/wp\/v2\/comments?post=497"}],"version-history":[{"count":16,"href":"https:\/\/darstal.eu\/en\/wp-json\/wp\/v2\/pages\/497\/revisions"}],"predecessor-version":[{"id":2125,"href":"https:\/\/darstal.eu\/en\/wp-json\/wp\/v2\/pages\/497\/revisions\/2125"}],"wp:attachment":[{"href":"https:\/\/darstal.eu\/en\/wp-json\/wp\/v2\/media?parent=497"}],"curies":[{"name":"wp","href":"https:\/\/api.w.org\/{rel}","templated":true}]}}