{"id":1268,"date":"2021-06-14T06:59:17","date_gmt":"2021-06-14T06:59:17","guid":{"rendered":"http:\/\/darstal.eu\/?page_id=1268"},"modified":"2023-10-05T09:57:06","modified_gmt":"2023-10-05T09:57:06","slug":"kariera","status":"publish","type":"page","link":"https:\/\/darstal.eu\/pl\/kariera\/","title":{"rendered":"Kariera"},"content":{"rendered":"\t\t<div data-elementor-type=\"wp-page\" data-elementor-id=\"1268\" class=\"elementor elementor-1268\">\n\t\t\t\t\t\t\t\t\t<section class=\"elementor-section elementor-top-section elementor-element elementor-element-ac255bd elementor-section-full_width elementor-section-height-default elementor-section-height-default\" data-id=\"ac255bd\" data-element_type=\"section\" data-settings=\"{&quot;animation&quot;:&quot;none&quot;}\">\n\t\t\t\t\t\t<div class=\"elementor-container elementor-column-gap-default\">\n\t\t\t\t\t<div class=\"elementor-column elementor-col-100 elementor-top-column elementor-element elementor-element-9caf030\" data-id=\"9caf030\" data-element_type=\"column\" data-settings=\"{&quot;animation&quot;:&quot;none&quot;}\">\n\t\t\t<div class=\"elementor-widget-wrap elementor-element-populated\">\n\t\t\t\t\t\t\t\t<div class=\"elementor-element elementor-element-badc91a elementor-widget__width-initial elementor-widget-mobile__width-initial elementor-fixed elementor-hidden-phone elementor-hidden-tablet elementor-nav-menu__text-align-aside elementor-widget elementor-widget-nav-menu\" data-id=\"badc91a\" data-element_type=\"widget\" data-settings=\"{&quot;layout&quot;:&quot;dropdown&quot;,&quot;_animation&quot;:&quot;none&quot;,&quot;_position&quot;:&quot;fixed&quot;,&quot;submenu_icon&quot;:{&quot;value&quot;:&quot;&lt;i class=\\&quot;fas fa-caret-down\\&quot;&gt;&lt;\\\/i&gt;&quot;,&quot;library&quot;:&quot;fa-solid&quot;}}\" data-widget_type=\"nav-menu.default\">\n\t\t\t\t<div class=\"elementor-widget-container\">\n\t\t\t\t\t<div class=\"elementor-menu-toggle\" role=\"button\" tabindex=\"0\" aria-label=\"Menu Toggle\" aria-expanded=\"false\">\n\t\t\t<i aria-hidden=\"true\" role=\"presentation\" class=\"elementor-menu-toggle__icon--open eicon-menu-bar\"><\/i><i aria-hidden=\"true\" role=\"presentation\" class=\"elementor-menu-toggle__icon--close eicon-close\"><\/i>\t\t\t<span class=\"elementor-screen-only\">Menu<\/span>\n\t\t<\/div>\n\t\t\t<nav class=\"elementor-nav-menu--dropdown elementor-nav-menu__container\" aria-hidden=\"true\">\n\t\t\t\t<ul id=\"menu-2-badc91a\" class=\"elementor-nav-menu\"><li class=\"menu-item menu-item-type-custom menu-item-object-custom menu-item-1271\"><a href=\"#oferty-pracy\" class=\"elementor-item elementor-item-anchor\" tabindex=\"-1\">Oferty pracy<\/a><\/li>\n<li class=\"menu-item menu-item-type-custom menu-item-object-custom menu-item-1261\"><a href=\"#rodo-kandydat\" class=\"elementor-item elementor-item-anchor\" tabindex=\"-1\">RODO &#8211; klauzula informacyjna dla kandydat\u00f3w<\/a><\/li>\n<li class=\"menu-item menu-item-type-custom menu-item-object-custom menu-item-1273\"><a href=\"#informacje\" class=\"elementor-item elementor-item-anchor\" tabindex=\"-1\">Informacje<\/a><\/li>\n<\/ul>\t\t\t<\/nav>\n\t\t\t\t<\/div>\n\t\t\t\t<\/div>\n\t\t\t\t\t<\/div>\n\t\t<\/div>\n\t\t\t\t\t\t\t<\/div>\n\t\t<\/section>\n\t\t\t\t<section class=\"elementor-section elementor-top-section elementor-element elementor-element-ae6ff76 elementor-section-full_width elementor-section-height-default elementor-section-height-default\" data-id=\"ae6ff76\" data-element_type=\"section\" data-settings=\"{&quot;animation&quot;:&quot;none&quot;}\">\n\t\t\t\t\t\t<div class=\"elementor-container elementor-column-gap-default\">\n\t\t\t\t\t<div class=\"elementor-column elementor-col-100 elementor-top-column elementor-element elementor-element-9ed0aae elementor-invisible\" data-id=\"9ed0aae\" data-element_type=\"column\" data-settings=\"{&quot;animation&quot;:&quot;fadeInUp&quot;}\">\n\t\t\t<div class=\"elementor-widget-wrap elementor-element-populated\">\n\t\t\t\t\t\t\t\t<div class=\"elementor-element elementor-element-38e8126 elementor-widget elementor-widget-menu-anchor\" data-id=\"38e8126\" data-element_type=\"widget\" data-widget_type=\"menu-anchor.default\">\n\t\t\t\t<div class=\"elementor-widget-container\">\n\t\t\t\t\t<div id=\"oferty-pracy\" class=\"elementor-menu-anchor\"><\/div>\n\t\t\t\t<\/div>\n\t\t\t\t<\/div>\n\t\t\t\t<div class=\"elementor-element elementor-element-063500c elementor-widget elementor-widget-heading\" data-id=\"063500c\" data-element_type=\"widget\" data-widget_type=\"heading.default\">\n\t\t\t\t<div class=\"elementor-widget-container\">\n\t\t\t<h5 class=\"elementor-heading-title elementor-size-default\">Oferty pracy<\/h5>\t\t<\/div>\n\t\t\t\t<\/div>\n\t\t\t\t<div class=\"elementor-element elementor-element-23f2a7b elementor-grid-3 elementor-grid-tablet-2 elementor-grid-mobile-1 elementor-posts--thumbnail-top elementor-card-shadow-yes elementor-posts__hover-gradient elementor-widget elementor-widget-posts\" data-id=\"23f2a7b\" data-element_type=\"widget\" data-settings=\"{&quot;cards_row_gap&quot;:{&quot;unit&quot;:&quot;px&quot;,&quot;size&quot;:15,&quot;sizes&quot;:[]},&quot;pagination_type&quot;:&quot;numbers&quot;,&quot;cards_columns&quot;:&quot;3&quot;,&quot;cards_columns_tablet&quot;:&quot;2&quot;,&quot;cards_columns_mobile&quot;:&quot;1&quot;,&quot;cards_row_gap_tablet&quot;:{&quot;unit&quot;:&quot;px&quot;,&quot;size&quot;:&quot;&quot;,&quot;sizes&quot;:[]},&quot;cards_row_gap_mobile&quot;:{&quot;unit&quot;:&quot;px&quot;,&quot;size&quot;:&quot;&quot;,&quot;sizes&quot;:[]}}\" data-widget_type=\"posts.cards\">\n\t\t\t\t<div class=\"elementor-widget-container\">\n\t\t\t\t\t<div class=\"elementor-posts-container elementor-posts elementor-posts--skin-cards elementor-grid\">\n\t\t\t\t<article class=\"elementor-post elementor-grid-item post-1887 post type-post status-publish format-standard hentry category-oferty-pracy\">\n\t\t\t<div class=\"elementor-post__card\">\n\t\t\t\t<div class=\"elementor-post__text\">\n\t\t\t\t<h5 class=\"elementor-post__title\">\n\t\t\t<a href=\"https:\/\/darstal.eu\/pl\/oferta-pracy\/\" target=&quot;_blank&quot;>\n\t\t\t\tG\u0142\u00f3wna ksi\u0119gowa\/G\u0142\u00f3wny ksi\u0119gowy\t\t\t<\/a>\n\t\t<\/h5>\n\t\t\n\t\t<a class=\"elementor-post__read-more\" href=\"https:\/\/darstal.eu\/pl\/oferta-pracy\/\" target=\"_blank\">\n\t\t\tCzytaj wi\u0119cej \u00bb\t\t<\/a>\n\n\t\t\t\t<\/div>\n\t\t\t\t<div class=\"elementor-post__meta-data\">\n\t\t\t\t\t<span class=\"elementor-post-date\">\n\t\t\t\t\t<\/span>\n\t\t\t\t<\/div>\n\t\t\t\t\t<\/div>\n\t\t<\/article>\n\t\t\t\t<\/div>\n\t\t\n\t\t\t\t<\/div>\n\t\t\t\t<\/div>\n\t\t\t\t\t<\/div>\n\t\t<\/div>\n\t\t\t\t\t\t\t<\/div>\n\t\t<\/section>\n\t\t\t\t<section class=\"elementor-section elementor-top-section elementor-element elementor-element-46f2110 elementor-section-full_width elementor-section-height-default elementor-section-height-default\" data-id=\"46f2110\" data-element_type=\"section\" data-settings=\"{&quot;animation&quot;:&quot;none&quot;}\">\n\t\t\t\t\t\t<div class=\"elementor-container elementor-column-gap-default\">\n\t\t\t\t\t<div class=\"elementor-column elementor-col-100 elementor-top-column elementor-element elementor-element-83a758e elementor-invisible\" data-id=\"83a758e\" data-element_type=\"column\" data-settings=\"{&quot;animation&quot;:&quot;fadeInUp&quot;}\">\n\t\t\t<div class=\"elementor-widget-wrap elementor-element-populated\">\n\t\t\t\t\t\t\t\t<div class=\"elementor-element elementor-element-a3db77b elementor-widget elementor-widget-menu-anchor\" data-id=\"a3db77b\" data-element_type=\"widget\" data-widget_type=\"menu-anchor.default\">\n\t\t\t\t<div class=\"elementor-widget-container\">\n\t\t\t\t\t<div id=\"rodo-kandydat\" class=\"elementor-menu-anchor\"><\/div>\n\t\t\t\t<\/div>\n\t\t\t\t<\/div>\n\t\t\t\t<div class=\"elementor-element elementor-element-9bb67bd elementor-widget elementor-widget-heading\" data-id=\"9bb67bd\" data-element_type=\"widget\" data-widget_type=\"heading.default\">\n\t\t\t\t<div class=\"elementor-widget-container\">\n\t\t\t<h5 class=\"elementor-heading-title elementor-size-default\">Klauzula informacyjna dla kandydata<\/h5>\t\t<\/div>\n\t\t\t\t<\/div>\n\t\t\t\t<div class=\"elementor-element elementor-element-b2996c4 elementor-widget elementor-widget-text-editor\" data-id=\"b2996c4\" data-element_type=\"widget\" data-widget_type=\"text-editor.default\">\n\t\t\t\t<div class=\"elementor-widget-container\">\n\t\t\t\t\t\t\t<p align=\"justify\"><span style=\"font-family: Montserrat, monospace;\"><span style=\"font-size: small;\">Informacje dotycz\u0105ce przetwarzania danych osobowych w procesach rekrutacyjnych (praca, sta\u017c i praktyki) realizowanych w DAR STAL Dariusz Za\u0142awa&nbsp;<\/span><\/span><\/p>\n<p align=\"justify\"><span style=\"font-size: small;\"><b><span style=\"font-family: Montserrat, monospace;\">1.&nbsp;ADMINISTRATOR&nbsp;<\/span><\/b><\/span><\/p>\n<p align=\"justify\"><span style=\"font-family: Montserrat, monospace;\"><span style=\"font-size: small;\">Administratorem Pani\/ Pana danych osobowych jest: DAR STAL Dariusz Za\u0142awa<\/span><\/span><\/p>\n<p align=\"justify\"><span style=\"font-size: small;\"><b><span style=\"font-family: Montserrat, monospace;\">2.&nbsp;CEL I PODSTAWA PRZETWARZANIA DANYCH OSOBOWYCH<\/span><\/b><\/span><\/p>\n<p align=\"justify\"><span style=\"font-family: Montserrat, monospace;\"><span style=\"font-size: small;\">Pani\/ Pana dane osobowe przetwarzane b\u0119d\u0105 w celu Pani\/Pana uczestnictwa w realizowanym w DAR STAL Dariusz Za\u0142awa procesie rekrutacyjnym oraz w celu oceny Pani\/Pana kwalifikacji zawodowych, aby wybra\u0107 odpowiedni\u0105 osob\u0119 na dane stanowisko.<\/span><\/span><\/p>\n<p align=\"justify\"><span style=\"font-family: Montserrat, monospace;\"><span style=\"font-size: small;\">Pani\/ Pana dane osobowe b\u0119dziemy przetwarza\u0107 na podstawie:&nbsp;<\/span><\/span><\/p>\n<ul>\n<li><span style=\"font-family: Montserrat, monospace;\"><span style=\"font-size: small;\">art. 6 ust. 1 lit. b) RODO* \u2013 dane niezb\u0119dne do podj\u0119cia dzia\u0142a\u0144 przed zawarciem umowy;<\/span><\/span><\/li>\n<li><span style=\"font-size: small;\"><span style=\"font-family: Montserrat, monospace;\">art. 6 ust. 1 lit. c) RODO*&nbsp;\u2013 dane niezb\u0119dne do wype\u0142nienia obowi\u0105zku prawnego, w zakresie danych osobowych wskazanych w art. 221 \u00a71 Kodeksu pracy (w przypadku rekrutacji o prac\u0119);<\/span><\/span><\/li>\n<li><span style=\"font-size: small;\"><span style=\"font-family: Montserrat, monospace;\">art. 6 ust. 1 lit. a) RODO*&nbsp;\u2013 zgoda na przetwarzanie danych innych ni\u017c wskazane w przepisie prawa lub niezb\u0119dnych do zawarcia umowy oraz tak\u017ce w kolejnych procesach rekrutacyjnych, je\u017celi wyrazi Pani\/Pan na to zgod\u0119;<\/span><\/span><\/li>\n<\/ul>\n<p align=\"justify\"><span style=\"font-size: small;\"><b><span style=\"font-family: Montserrat, monospace;\">4.&nbsp;ODBIORCY DANYCH OSOBOWYCH<\/span><\/b><\/span><\/p>\n<p align=\"justify\"><span style=\"font-family: Montserrat, monospace;\"><span style=\"font-size: small;\">Odbiorc\u0105 Pani\/Pana danych osobowych b\u0119dzie dostawca systemu informatycznego, poprzez kt\u00f3ry to system przesy\u0142a Pan\/Pani swoj\u0105 aplikacj\u0119 do DAR STAL Dariusz Za\u0142awa<\/span><\/span><\/p>\n<p align=\"justify\"><span style=\"font-size: small;\"><b><span style=\"font-family: Montserrat, monospace;\">5.&nbsp;OKRES PRZECHOWYWANIA DANYCH OSOBOWYCH<\/span><\/b><\/span><\/p>\n<p align=\"justify\"><span style=\"font-family: Montserrat, monospace;\"><span style=\"font-size: small;\">Pani\/ Pana dane osobowe przechowywane b\u0119d\u0105 do<span style=\"\"> 1 lat <\/span>od daty przes\u0142ania aplikacji w ramach danego procesu rekrutacyjnego.&nbsp;&nbsp;<\/span><\/span><\/p>\n<p align=\"justify\"><span style=\"font-family: Montserrat, monospace;\"><span style=\"font-size: small;\">W przypadku wyra\u017conej przez Pani\u0105\/ Pana zgody na wykorzystywanie danych osobowych dla cel\u00f3w przysz\u0142ych rekrutacji, Pani\/ Pana dane b\u0119d\u0105 wykorzystywane do czasu wycofania przez Pani\u0105\/ Pana zgody, ale nie d\u0142u\u017cej ni\u017c przez okres 12 miesi\u0119cy od daty przes\u0142ania aplikacji. Okres ten mo\u017ce by\u0107 wyd\u0142u\u017cony o okres konieczny do zako\u0144czenia post\u0119powania rekrutacyjnego, w przypadku rozpocz\u0119cia procesu naboru na stanowisko odpowiadaj\u0105ce Pani\/ Pana kwalifikacjom.<\/span><\/span><\/p>\n<p align=\"justify\"><span style=\"font-size: small;\"><b><span style=\"font-family: Montserrat, monospace;\">6.&nbsp;PRAWA W ZWI\u0104ZKU Z PRZETWARZANIEM PANI\/ PANA DANYCH OSOBOWYCH<\/span><\/b><\/span><\/p>\n<p align=\"justify\"><span style=\"font-family: Montserrat, monospace;\"><span style=\"font-size: small;\">Przys\u0142uguj\u0105 Pani\/ Panu nast\u0119puj\u0105ce prawa zwi\u0105zane z przetwarzaniem danych osobowych:<\/span><\/span><\/p>\n<ul>\n<li><span style=\"font-family: Montserrat, monospace;\"><span style=\"font-size: small;\">prawo do cofni\u0119cia zgody w dowolnym momencie bez wp\u0142ywu na zgodno\u015b\u0107 z prawem przetwarzania, kt\u00f3rego dokonano na podstawie zgody przed jej cofni\u0119ciem; zgod\u0119 mo\u017cna cofn\u0105\u0107 listownie na adres DAR STAL Dariusz Za\u0142awa, ul. Przemys\u0142owa 7, 42-300 Myszk\u00f3w, <span style=\"color: #ff0000;\">mail kadry@darstal.eu<\/span><\/span><\/span><\/li>\n<li><span style=\"font-size: small;\"><span style=\"font-family: Montserrat, monospace;\">prawo dost\u0119pu do tre\u015bci swoich danych oraz otrzymania ich kopii;&nbsp;<\/span><\/span><\/li>\n<li><span style=\"font-size: small;\"><span style=\"font-family: Montserrat, monospace;\">prawo do sprostowania (poprawiania) swoich danych osobowych;&nbsp;<\/span><\/span><\/li>\n<li><span style=\"font-size: small;\"><span style=\"font-family: Montserrat, monospace;\">prawo do ograniczenia przetwarzania danych;&nbsp;<\/span><\/span><\/li>\n<li><span style=\"font-size: small;\"><span style=\"font-family: Montserrat, monospace;\">prawo do usuni\u0119cia danych;<\/span><\/span><\/li>\n<li><span style=\"font-size: small;\"><span style=\"font-family: Montserrat, monospace;\">prawo do przenoszenia danych;<\/span><\/span><\/li>\n<li><span style=\"font-size: small;\"><span style=\"font-family: Montserrat, monospace;\">prawo wniesienia skargi do Prezesa Urz\u0119du Ochrony Danych Osobowych (na adres UODO Warszawa (00-193), ul. Stawki 2), gdy uzna Pani\/ Pan, i\u017c przetwarzanie danych osobowych Pani\/ Pana dotycz\u0105cych, narusza przepisy RODO.&nbsp;<\/span><\/span><\/li>\n<\/ul>\n<p align=\"justify\"><span style=\"font-size: small;\"><b><span style=\"font-family: Montserrat, monospace;\">7.&nbsp;INFORMACJE O WYMOGU PODANIA DANYCH<\/span><\/b><\/span><\/p>\n<p align=\"justify\"><span style=\"font-family: Montserrat, monospace;\"><span style=\"font-size: small;\">Podanie przez Pani\u0105\/ Pana danych osobowych, do kt\u00f3rych przetwarzania jeste\u015bmy uprawnieni zgodnie z art. 6 lit. b) i c) RODO* jest niezb\u0119dne, aby uczestniczy\u0107 w procesach rekrutacyjnych. Podanie danych osobowych w szerszym zakresie jest dobrowolne.<\/span><\/span><\/p>\n<p align=\"justify\"><span style=\"font-size: small;\"><i><span style=\"font-family: Montserrat, monospace;\">*&nbsp;RODO &#8211; Rozporz\u0105dzenie Parlamentu Europejskiego i Rady (UE) 2016\/679 z dnia 27 kwietnia 2016 r. w sprawie ochrony os\u00f3b fizycznych w zwi\u0105zku z przetwarzaniem danych osobowych i w sprawie swobodnego przep\u0142ywu takich danych oraz uchylenia dyrektywy 95\/46\/WE&nbsp;<\/span><\/i><\/span><\/p>\t\t\t\t\t\t<\/div>\n\t\t\t\t<\/div>\n\t\t\t\t\t<\/div>\n\t\t<\/div>\n\t\t\t\t\t\t\t<\/div>\n\t\t<\/section>\n\t\t\t\t\t\t\t<\/div>\n\t\t","protected":false},"excerpt":{"rendered":"<p>Oferty pracy Klauzula informacyjna dla kandydata Informacje dotycz\u0105ce przetwarzania danych osobowych w procesach rekrutacyjnych (praca, sta\u017c i praktyki) realizowanych w DAR STAL Dariusz Za\u0142awa&nbsp; 1.&nbsp;ADMINISTRATOR&nbsp;<\/p>\n","protected":false},"author":1,"featured_media":0,"parent":0,"menu_order":0,"comment_status":"closed","ping_status":"closed","template":"","meta":{"footnotes":""},"yoast_head":"<!-- This site is optimized with the Yoast SEO plugin v19.10 - https:\/\/yoast.com\/wordpress\/plugins\/seo\/ -->\n<title>Kariera - DARSTAL<\/title>\n<meta name=\"robots\" content=\"index, follow, max-snippet:-1, max-image-preview:large, max-video-preview:-1\" \/>\n<link rel=\"canonical\" href=\"https:\/\/darstal.eu\/pl\/kariera\/\" \/>\n<meta property=\"og:locale\" content=\"pl_PL\" \/>\n<meta property=\"og:type\" content=\"article\" \/>\n<meta property=\"og:title\" content=\"Kariera - DARSTAL\" \/>\n<meta property=\"og:description\" content=\"Oferty pracy Klauzula informacyjna dla kandydata Informacje dotycz\u0105ce przetwarzania danych osobowych w procesach rekrutacyjnych (praca, sta\u017c i praktyki) realizowanych w DAR STAL Dariusz Za\u0142awa&nbsp; 1.&nbsp;ADMINISTRATOR&nbsp;\" \/>\n<meta property=\"og:url\" content=\"https:\/\/darstal.eu\/pl\/kariera\/\" \/>\n<meta property=\"og:site_name\" content=\"DARSTAL\" \/>\n<meta property=\"article:modified_time\" content=\"2023-10-05T09:57:06+00:00\" \/>\n<meta name=\"twitter:card\" content=\"summary_large_image\" \/>\n<meta name=\"twitter:label1\" content=\"Szacowany czas czytania\" \/>\n\t<meta name=\"twitter:data1\" content=\"4 minuty\" \/>\n<script type=\"application\/ld+json\" class=\"yoast-schema-graph\">{\"@context\":\"https:\/\/schema.org\",\"@graph\":[{\"@type\":\"WebPage\",\"@id\":\"https:\/\/darstal.eu\/pl\/kariera\/\",\"url\":\"https:\/\/darstal.eu\/pl\/kariera\/\",\"name\":\"Kariera - DARSTAL\",\"isPartOf\":{\"@id\":\"https:\/\/darstal.eu\/pl\/#website\"},\"datePublished\":\"2021-06-14T06:59:17+00:00\",\"dateModified\":\"2023-10-05T09:57:06+00:00\",\"breadcrumb\":{\"@id\":\"https:\/\/darstal.eu\/pl\/kariera\/#breadcrumb\"},\"inLanguage\":\"pl-PL\",\"potentialAction\":[{\"@type\":\"ReadAction\",\"target\":[\"https:\/\/darstal.eu\/pl\/kariera\/\"]}]},{\"@type\":\"BreadcrumbList\",\"@id\":\"https:\/\/darstal.eu\/pl\/kariera\/#breadcrumb\",\"itemListElement\":[{\"@type\":\"ListItem\",\"position\":1,\"name\":\"Strona g\u0142\u00f3wna\",\"item\":\"https:\/\/darstal.eu\/pl\/\"},{\"@type\":\"ListItem\",\"position\":2,\"name\":\"Kariera\"}]},{\"@type\":\"WebSite\",\"@id\":\"https:\/\/darstal.eu\/pl\/#website\",\"url\":\"https:\/\/darstal.eu\/pl\/\",\"name\":\"DARSTAL\",\"description\":\"STALOWE CENTRUM SERWISOWE\",\"publisher\":{\"@id\":\"https:\/\/darstal.eu\/pl\/#organization\"},\"potentialAction\":[{\"@type\":\"SearchAction\",\"target\":{\"@type\":\"EntryPoint\",\"urlTemplate\":\"https:\/\/darstal.eu\/pl\/?s={search_term_string}\"},\"query-input\":\"required name=search_term_string\"}],\"inLanguage\":\"pl-PL\"},{\"@type\":\"Organization\",\"@id\":\"https:\/\/darstal.eu\/pl\/#organization\",\"name\":\"DARSTAL\",\"url\":\"https:\/\/darstal.eu\/pl\/\",\"logo\":{\"@type\":\"ImageObject\",\"inLanguage\":\"pl-PL\",\"@id\":\"https:\/\/darstal.eu\/pl\/#\/schema\/logo\/image\/\",\"url\":\"https:\/\/darstal.eu\/wp-content\/uploads\/2021\/06\/darstal_logo_01.png\",\"contentUrl\":\"https:\/\/darstal.eu\/wp-content\/uploads\/2021\/06\/darstal_logo_01.png\",\"width\":501,\"height\":119,\"caption\":\"DARSTAL\"},\"image\":{\"@id\":\"https:\/\/darstal.eu\/pl\/#\/schema\/logo\/image\/\"}}]}<\/script>\n<!-- \/ Yoast SEO plugin. -->","yoast_head_json":{"title":"Kariera - DARSTAL","robots":{"index":"index","follow":"follow","max-snippet":"max-snippet:-1","max-image-preview":"max-image-preview:large","max-video-preview":"max-video-preview:-1"},"canonical":"https:\/\/darstal.eu\/pl\/kariera\/","og_locale":"pl_PL","og_type":"article","og_title":"Kariera - DARSTAL","og_description":"Oferty pracy Klauzula informacyjna dla kandydata Informacje dotycz\u0105ce przetwarzania danych osobowych w procesach rekrutacyjnych (praca, sta\u017c i praktyki) realizowanych w DAR STAL Dariusz Za\u0142awa&nbsp; 1.&nbsp;ADMINISTRATOR&nbsp;","og_url":"https:\/\/darstal.eu\/pl\/kariera\/","og_site_name":"DARSTAL","article_modified_time":"2023-10-05T09:57:06+00:00","twitter_card":"summary_large_image","twitter_misc":{"Szacowany czas czytania":"4 minuty"},"schema":{"@context":"https:\/\/schema.org","@graph":[{"@type":"WebPage","@id":"https:\/\/darstal.eu\/pl\/kariera\/","url":"https:\/\/darstal.eu\/pl\/kariera\/","name":"Kariera - DARSTAL","isPartOf":{"@id":"https:\/\/darstal.eu\/pl\/#website"},"datePublished":"2021-06-14T06:59:17+00:00","dateModified":"2023-10-05T09:57:06+00:00","breadcrumb":{"@id":"https:\/\/darstal.eu\/pl\/kariera\/#breadcrumb"},"inLanguage":"pl-PL","potentialAction":[{"@type":"ReadAction","target":["https:\/\/darstal.eu\/pl\/kariera\/"]}]},{"@type":"BreadcrumbList","@id":"https:\/\/darstal.eu\/pl\/kariera\/#breadcrumb","itemListElement":[{"@type":"ListItem","position":1,"name":"Strona g\u0142\u00f3wna","item":"https:\/\/darstal.eu\/pl\/"},{"@type":"ListItem","position":2,"name":"Kariera"}]},{"@type":"WebSite","@id":"https:\/\/darstal.eu\/pl\/#website","url":"https:\/\/darstal.eu\/pl\/","name":"DARSTAL","description":"STALOWE CENTRUM SERWISOWE","publisher":{"@id":"https:\/\/darstal.eu\/pl\/#organization"},"potentialAction":[{"@type":"SearchAction","target":{"@type":"EntryPoint","urlTemplate":"https:\/\/darstal.eu\/pl\/?s={search_term_string}"},"query-input":"required name=search_term_string"}],"inLanguage":"pl-PL"},{"@type":"Organization","@id":"https:\/\/darstal.eu\/pl\/#organization","name":"DARSTAL","url":"https:\/\/darstal.eu\/pl\/","logo":{"@type":"ImageObject","inLanguage":"pl-PL","@id":"https:\/\/darstal.eu\/pl\/#\/schema\/logo\/image\/","url":"https:\/\/darstal.eu\/wp-content\/uploads\/2021\/06\/darstal_logo_01.png","contentUrl":"https:\/\/darstal.eu\/wp-content\/uploads\/2021\/06\/darstal_logo_01.png","width":501,"height":119,"caption":"DARSTAL"},"image":{"@id":"https:\/\/darstal.eu\/pl\/#\/schema\/logo\/image\/"}}]}},"_links":{"self":[{"href":"https:\/\/darstal.eu\/pl\/wp-json\/wp\/v2\/pages\/1268"}],"collection":[{"href":"https:\/\/darstal.eu\/pl\/wp-json\/wp\/v2\/pages"}],"about":[{"href":"https:\/\/darstal.eu\/pl\/wp-json\/wp\/v2\/types\/page"}],"author":[{"embeddable":true,"href":"https:\/\/darstal.eu\/pl\/wp-json\/wp\/v2\/users\/1"}],"replies":[{"embeddable":true,"href":"https:\/\/darstal.eu\/pl\/wp-json\/wp\/v2\/comments?post=1268"}],"version-history":[{"count":113,"href":"https:\/\/darstal.eu\/pl\/wp-json\/wp\/v2\/pages\/1268\/revisions"}],"predecessor-version":[{"id":2313,"href":"https:\/\/darstal.eu\/pl\/wp-json\/wp\/v2\/pages\/1268\/revisions\/2313"}],"wp:attachment":[{"href":"https:\/\/darstal.eu\/pl\/wp-json\/wp\/v2\/media?parent=1268"}],"curies":[{"name":"wp","href":"https:\/\/api.w.org\/{rel}","templated":true}]}}