{"id":2127,"date":"2023-06-26T11:07:32","date_gmt":"2023-06-26T11:07:32","guid":{"rendered":"https:\/\/darstal.eu\/?page_id=2127"},"modified":"2023-06-26T11:09:06","modified_gmt":"2023-06-26T11:09:06","slug":"elementor-2127","status":"publish","type":"page","link":"https:\/\/darstal.eu\/pl\/elementor-2127\/","title":{"rendered":"Us\u0142ugi depozytowe"},"content":{"rendered":"\t\t<div data-elementor-type=\"wp-page\" data-elementor-id=\"2127\" class=\"elementor elementor-2127\">\n\t\t\t\t\t\t\t\t\t<section class=\"elementor-section elementor-top-section elementor-element elementor-element-124cb65 elementor-section-boxed elementor-section-height-default elementor-section-height-default\" data-id=\"124cb65\" data-element_type=\"section\">\n\t\t\t\t\t\t<div class=\"elementor-container elementor-column-gap-default\">\n\t\t\t\t\t<div class=\"elementor-column elementor-col-100 elementor-top-column elementor-element elementor-element-071b5b4\" data-id=\"071b5b4\" data-element_type=\"column\">\n\t\t\t<div class=\"elementor-widget-wrap elementor-element-populated\">\n\t\t\t\t\t\t\t\t<div class=\"elementor-element elementor-element-e3873c6 elementor-widget elementor-widget-text-editor\" data-id=\"e3873c6\" data-element_type=\"widget\" data-widget_type=\"text-editor.default\">\n\t\t\t\t<div class=\"elementor-widget-container\">\n\t\t\t\t\t\t\t<p><b>\n    US\u0141UGA CI\u0118CIA POPRZECZNEGO NA ARKUSZE Z PROSTOWANIEM NACI\u0104GOWYM<\/b><br><br><\/p>\n<p>Oferujemy ci\u0119cie blach stalowych na arkusze o grubo\u015bci od 0,4 mm do 1,5 mm<br>i szeroko\u015bci do 1680 mm na nowej lini produkcyjnej.<br>Dzi\u0119ki wyposa\u017ceniu linii w prostownic\u0119 naci\u0105gow\u0105, mo\u017cliwe jest wytwarzanie arkuszy blach o wysokiej jako\u015bci w zakresie p\u0142asko\u015bci z kr\u0119g\u00f3w wsadowych posiadaj\u0105cych wady powierzchni, typu pofalowane kraw\u0119dzie, wybrzuszenia \u015brodkowe, itp.<br>Arkusze blach pozbawione s\u0105 tak\u017ce napr\u0119\u017ce\u0144 wewn\u0119trznych, co pozwala na efektywne ich wykorzystywanie na wycinarkach laserowych i plazmowych.<br><\/p>\n<p><br><br><b>    US\u0141UGI CI\u0118CIA POPRZECZNEGO na arkusze<\/b><br><br><\/p>\n<p>Operacje ci\u0119cia poprzecznego wykonujemy na nowoczesnych liniach, kt\u00f3re tn\u0105 blach\u0119 o nast\u0119puj\u0105cych parametrach:<br>GRUBO\u015a\u0106 CI\u0118TEJ BLACHY 0,5mm &#8211; 25mm<br>SZEROKO\u015a\u0106 KR\u0118GU WSADOWEGO do 2000 mm<br>D\u0141UGO\u015a\u0106 CI\u0118TYCH ARKUSZY do 16300 mm<br>\u015aREDNICA ZEW. CI\u0118TEGO KR\u0118GU do 1950 mm<br>\u015aREDNICA WEW. KR\u0118GU 508 mm -780 mm<br>MAKSYMALNA MASA KR\u0118GU 32 t<br><br><\/p>\n<p><b>    US\u0141UGI CI\u0118CIA WZD\u0141U\u017bNEGO na ta\u015bmy<\/b><br><br><\/p>\n<p>Operacje ci\u0119cia wzd\u0142u\u017cnego wykonujemy na nowoczesnych liniach produkcyjnych, umo\u017cliwiaj\u0105cych uzyskiwanie ta\u015bm w\u0105skich o nast\u0119puj\u0105cych parametrach:<br>GRUBO\u015a\u0106 MATERIA\u0141U 0,5 mm &#8211; 5 mm<br>SZEROKO\u015a\u0106 KR\u0118GU WSADOWEGO do 1700 mm<br>SZEROKO\u015a\u0106 TA\u015aM GOTOWYCH od 10 mm<br>WAGA KR\u0118GU WSADOWEGO do 32 t<br><\/p>\n<p><br><b>    US\u0141UGI WALCOWANIA NA ZIMNO<\/b><br><br><\/p>\n<p>Us\u0142ug\u0119 wykonujemy na nowoczesnej walcarce kwarto-nawrotn\u0105 do walcowania na zimno blach w kr\u0119gach. Walcarka umo\u017cliwia walcowanie blach w kr\u0119gach celem<br>zmniejszenia grubo\u015bci, poprawy jako\u015bci powierzchni lub zmian w\u0142asno\u015bci wytrzyma\u0142o\u015bciowych (utwardzenie) materia\u0142u.<br>Parametry walcarki:<br><br><\/p>\n<p>    max. grubo\u015b\u0107 materia\u0142u wsadowego 4,5 mm<br>    grubo\u015bci ko\u0144cowe ta\u015bm: 0,5 &#8211; 4 mm<br>    szeroko\u015b\u0107 walcowanych ta\u015bm: 150 &#8211; 440 mm<br>    rodzaje materia\u0142\u00f3w do walcowania:<br><br>-stale nisko, \u015brednio i wysoko w\u0119glowe,<br>-stale nisko i wysoko stopowe<br><br><b>    US\u0141UGI PRZEWIJANIA<\/b><br><br><\/p>\n<p>Posiadamy mo\u017cliwo\u015b\u0107 wykonania us\u0142ugi przewijania blach w kr\u0119gach celem:<br><br><\/p>\n<p>    uzyskania kr\u0119g\u00f3w o r\u00f3\u017cnych \u015brednicach wewn\u0119trznych i zewn\u0119trzynych,<br>    podzia\u0142u kr\u0119gu wsadowego na mniejsze kr\u0119gi itp.<br><br><\/p>\n<p>GRUBO\u015a\u0106 BLACHY do 5,0 mm<br>SZEROKO\u015a\u0106 KR\u0118GU do 1700 mm<br>WAGA KR\u0118GU do 32 t<br>MO\u017bLIWE DO OTRZYMANIA \u015aREDNICE WEW. 508 mm, 610 mm, 780 mm<br><\/p>\n<p><br><b>    WYTWARZANIE FORMATEK<\/b><br><br><\/p>\n<p>Na posiadanych urz\u0105dzeniach:<br><\/p>\n<p>    prasy hydrauliczne,<br>    gilotyny,<br>    wycinarki plazmowe,<br>    wycinarki laserowe.<br><\/p>\n<p>oferujemy mo\u017cliwo\u015b\u0107 ci\u0119cia arkuszy blach na mniejsze formaty, tzw. \u201eformatki&#8221;<br>w zakresie grubo\u015bci od 0,4 do 200 mm. Wielko\u015b\u0107 formatek wg. indywidualnych zam\u00f3wie\u0144 Klienta.<br><\/p>\n<p><br><b>    US\u0141UGI CI\u0118CIA MECHANICZNEGO NA GILOTYNACH<\/b><br><\/p>\n<p>Oferujemy gi\u0119cie blach na nowoczesnych gilotynach hydraulicznych CNC.<br><br>GRUBO\u015aCI BLACHY 0,5 &#8211; 25 mm<br><\/p>\n<p>SZEROKO\u015a\u0106 BLACHY 3000 mm<br><\/p>\t\t\t\t\t\t<\/div>\n\t\t\t\t<\/div>\n\t\t\t\t\t<\/div>\n\t\t<\/div>\n\t\t\t\t\t\t\t<\/div>\n\t\t<\/section>\n\t\t\t\t\t\t\t<\/div>\n\t\t","protected":false},"excerpt":{"rendered":"<p>US\u0141UGA CI\u0118CIA POPRZECZNEGO NA ARKUSZE Z PROSTOWANIEM NACI\u0104GOWYM Oferujemy ci\u0119cie blach stalowych na arkusze o grubo\u015bci od 0,4 mm do 1,5 mm i szeroko\u015bci do 1680 mm na nowej lini produkcyjnej. Dzi\u0119ki wyposa\u017ceniu linii w prostownic\u0119 naci\u0105gow\u0105, mo\u017cliwe jest wytwarzanie arkuszy blach o wysokiej jako\u015bci w zakresie p\u0142asko\u015bci z kr\u0119g\u00f3w wsadowych posiadaj\u0105cych wady powierzchni, typu [&hellip;]<\/p>\n","protected":false},"author":2,"featured_media":0,"parent":0,"menu_order":0,"comment_status":"closed","ping_status":"closed","template":"","meta":{"footnotes":""},"yoast_head":"<!-- This site is optimized with the Yoast SEO plugin v19.10 - https:\/\/yoast.com\/wordpress\/plugins\/seo\/ -->\n<title>Us\u0142ugi depozytowe - DARSTAL<\/title>\n<meta name=\"robots\" content=\"index, follow, max-snippet:-1, max-image-preview:large, max-video-preview:-1\" \/>\n<link rel=\"canonical\" href=\"https:\/\/darstal.eu\/pl\/elementor-2127\/\" \/>\n<meta property=\"og:locale\" content=\"pl_PL\" \/>\n<meta property=\"og:type\" content=\"article\" \/>\n<meta property=\"og:title\" content=\"Us\u0142ugi depozytowe - DARSTAL\" \/>\n<meta property=\"og:description\" content=\"US\u0141UGA CI\u0118CIA POPRZECZNEGO NA ARKUSZE Z PROSTOWANIEM NACI\u0104GOWYM Oferujemy ci\u0119cie blach stalowych na arkusze o grubo\u015bci od 0,4 mm do 1,5 mm i szeroko\u015bci do 1680 mm na nowej lini produkcyjnej. Dzi\u0119ki wyposa\u017ceniu linii w prostownic\u0119 naci\u0105gow\u0105, mo\u017cliwe jest wytwarzanie arkuszy blach o wysokiej jako\u015bci w zakresie p\u0142asko\u015bci z kr\u0119g\u00f3w wsadowych posiadaj\u0105cych wady powierzchni, typu [&hellip;]\" \/>\n<meta property=\"og:url\" content=\"https:\/\/darstal.eu\/pl\/elementor-2127\/\" \/>\n<meta property=\"og:site_name\" content=\"DARSTAL\" \/>\n<meta property=\"article:modified_time\" content=\"2023-06-26T11:09:06+00:00\" \/>\n<meta name=\"twitter:card\" content=\"summary_large_image\" \/>\n<meta name=\"twitter:label1\" content=\"Szacowany czas czytania\" \/>\n\t<meta name=\"twitter:data1\" content=\"3 minuty\" \/>\n<script type=\"application\/ld+json\" class=\"yoast-schema-graph\">{\"@context\":\"https:\/\/schema.org\",\"@graph\":[{\"@type\":\"WebPage\",\"@id\":\"https:\/\/darstal.eu\/pl\/elementor-2127\/\",\"url\":\"https:\/\/darstal.eu\/pl\/elementor-2127\/\",\"name\":\"Us\u0142ugi depozytowe - DARSTAL\",\"isPartOf\":{\"@id\":\"https:\/\/darstal.eu\/pl\/#website\"},\"datePublished\":\"2023-06-26T11:07:32+00:00\",\"dateModified\":\"2023-06-26T11:09:06+00:00\",\"breadcrumb\":{\"@id\":\"https:\/\/darstal.eu\/pl\/elementor-2127\/#breadcrumb\"},\"inLanguage\":\"pl-PL\",\"potentialAction\":[{\"@type\":\"ReadAction\",\"target\":[\"https:\/\/darstal.eu\/pl\/elementor-2127\/\"]}]},{\"@type\":\"BreadcrumbList\",\"@id\":\"https:\/\/darstal.eu\/pl\/elementor-2127\/#breadcrumb\",\"itemListElement\":[{\"@type\":\"ListItem\",\"position\":1,\"name\":\"Strona g\u0142\u00f3wna\",\"item\":\"https:\/\/darstal.eu\/pl\/\"},{\"@type\":\"ListItem\",\"position\":2,\"name\":\"Us\u0142ugi depozytowe\"}]},{\"@type\":\"WebSite\",\"@id\":\"https:\/\/darstal.eu\/pl\/#website\",\"url\":\"https:\/\/darstal.eu\/pl\/\",\"name\":\"DARSTAL\",\"description\":\"STALOWE CENTRUM SERWISOWE\",\"publisher\":{\"@id\":\"https:\/\/darstal.eu\/pl\/#organization\"},\"potentialAction\":[{\"@type\":\"SearchAction\",\"target\":{\"@type\":\"EntryPoint\",\"urlTemplate\":\"https:\/\/darstal.eu\/pl\/?s={search_term_string}\"},\"query-input\":\"required name=search_term_string\"}],\"inLanguage\":\"pl-PL\"},{\"@type\":\"Organization\",\"@id\":\"https:\/\/darstal.eu\/pl\/#organization\",\"name\":\"DARSTAL\",\"url\":\"https:\/\/darstal.eu\/pl\/\",\"logo\":{\"@type\":\"ImageObject\",\"inLanguage\":\"pl-PL\",\"@id\":\"https:\/\/darstal.eu\/pl\/#\/schema\/logo\/image\/\",\"url\":\"https:\/\/darstal.eu\/wp-content\/uploads\/2021\/06\/darstal_logo_01.png\",\"contentUrl\":\"https:\/\/darstal.eu\/wp-content\/uploads\/2021\/06\/darstal_logo_01.png\",\"width\":501,\"height\":119,\"caption\":\"DARSTAL\"},\"image\":{\"@id\":\"https:\/\/darstal.eu\/pl\/#\/schema\/logo\/image\/\"}}]}<\/script>\n<!-- \/ Yoast SEO plugin. -->","yoast_head_json":{"title":"Us\u0142ugi depozytowe - DARSTAL","robots":{"index":"index","follow":"follow","max-snippet":"max-snippet:-1","max-image-preview":"max-image-preview:large","max-video-preview":"max-video-preview:-1"},"canonical":"https:\/\/darstal.eu\/pl\/elementor-2127\/","og_locale":"pl_PL","og_type":"article","og_title":"Us\u0142ugi depozytowe - DARSTAL","og_description":"US\u0141UGA CI\u0118CIA POPRZECZNEGO NA ARKUSZE Z PROSTOWANIEM NACI\u0104GOWYM Oferujemy ci\u0119cie blach stalowych na arkusze o grubo\u015bci od 0,4 mm do 1,5 mm i szeroko\u015bci do 1680 mm na nowej lini produkcyjnej. Dzi\u0119ki wyposa\u017ceniu linii w prostownic\u0119 naci\u0105gow\u0105, mo\u017cliwe jest wytwarzanie arkuszy blach o wysokiej jako\u015bci w zakresie p\u0142asko\u015bci z kr\u0119g\u00f3w wsadowych posiadaj\u0105cych wady powierzchni, typu [&hellip;]","og_url":"https:\/\/darstal.eu\/pl\/elementor-2127\/","og_site_name":"DARSTAL","article_modified_time":"2023-06-26T11:09:06+00:00","twitter_card":"summary_large_image","twitter_misc":{"Szacowany czas czytania":"3 minuty"},"schema":{"@context":"https:\/\/schema.org","@graph":[{"@type":"WebPage","@id":"https:\/\/darstal.eu\/pl\/elementor-2127\/","url":"https:\/\/darstal.eu\/pl\/elementor-2127\/","name":"Us\u0142ugi depozytowe - DARSTAL","isPartOf":{"@id":"https:\/\/darstal.eu\/pl\/#website"},"datePublished":"2023-06-26T11:07:32+00:00","dateModified":"2023-06-26T11:09:06+00:00","breadcrumb":{"@id":"https:\/\/darstal.eu\/pl\/elementor-2127\/#breadcrumb"},"inLanguage":"pl-PL","potentialAction":[{"@type":"ReadAction","target":["https:\/\/darstal.eu\/pl\/elementor-2127\/"]}]},{"@type":"BreadcrumbList","@id":"https:\/\/darstal.eu\/pl\/elementor-2127\/#breadcrumb","itemListElement":[{"@type":"ListItem","position":1,"name":"Strona g\u0142\u00f3wna","item":"https:\/\/darstal.eu\/pl\/"},{"@type":"ListItem","position":2,"name":"Us\u0142ugi depozytowe"}]},{"@type":"WebSite","@id":"https:\/\/darstal.eu\/pl\/#website","url":"https:\/\/darstal.eu\/pl\/","name":"DARSTAL","description":"STALOWE CENTRUM SERWISOWE","publisher":{"@id":"https:\/\/darstal.eu\/pl\/#organization"},"potentialAction":[{"@type":"SearchAction","target":{"@type":"EntryPoint","urlTemplate":"https:\/\/darstal.eu\/pl\/?s={search_term_string}"},"query-input":"required name=search_term_string"}],"inLanguage":"pl-PL"},{"@type":"Organization","@id":"https:\/\/darstal.eu\/pl\/#organization","name":"DARSTAL","url":"https:\/\/darstal.eu\/pl\/","logo":{"@type":"ImageObject","inLanguage":"pl-PL","@id":"https:\/\/darstal.eu\/pl\/#\/schema\/logo\/image\/","url":"https:\/\/darstal.eu\/wp-content\/uploads\/2021\/06\/darstal_logo_01.png","contentUrl":"https:\/\/darstal.eu\/wp-content\/uploads\/2021\/06\/darstal_logo_01.png","width":501,"height":119,"caption":"DARSTAL"},"image":{"@id":"https:\/\/darstal.eu\/pl\/#\/schema\/logo\/image\/"}}]}},"_links":{"self":[{"href":"https:\/\/darstal.eu\/pl\/wp-json\/wp\/v2\/pages\/2127"}],"collection":[{"href":"https:\/\/darstal.eu\/pl\/wp-json\/wp\/v2\/pages"}],"about":[{"href":"https:\/\/darstal.eu\/pl\/wp-json\/wp\/v2\/types\/page"}],"author":[{"embeddable":true,"href":"https:\/\/darstal.eu\/pl\/wp-json\/wp\/v2\/users\/2"}],"replies":[{"embeddable":true,"href":"https:\/\/darstal.eu\/pl\/wp-json\/wp\/v2\/comments?post=2127"}],"version-history":[{"count":6,"href":"https:\/\/darstal.eu\/pl\/wp-json\/wp\/v2\/pages\/2127\/revisions"}],"predecessor-version":[{"id":2133,"href":"https:\/\/darstal.eu\/pl\/wp-json\/wp\/v2\/pages\/2127\/revisions\/2133"}],"wp:attachment":[{"href":"https:\/\/darstal.eu\/pl\/wp-json\/wp\/v2\/media?parent=2127"}],"curies":[{"name":"wp","href":"https:\/\/api.w.org\/{rel}","templated":true}]}}