{"id":343,"date":"2021-06-07T13:36:58","date_gmt":"2021-06-07T13:36:58","guid":{"rendered":"http:\/\/darstal.eu\/?page_id=343"},"modified":"2021-07-20T05:56:28","modified_gmt":"2021-07-20T05:56:28","slug":"wydarzenia","status":"publish","type":"page","link":"https:\/\/darstal.eu\/pl\/wydarzenia\/","title":{"rendered":"Wydarzenia"},"content":{"rendered":"\t\t<div data-elementor-type=\"wp-page\" data-elementor-id=\"343\" class=\"elementor elementor-343\">\n\t\t\t\t\t\t\t\t\t<section class=\"elementor-section elementor-top-section elementor-element elementor-element-7214b81f elementor-section-full_width elementor-section-height-default elementor-section-height-default\" data-id=\"7214b81f\" data-element_type=\"section\" data-settings=\"{&quot;animation&quot;:&quot;none&quot;}\">\n\t\t\t\t\t\t<div class=\"elementor-container elementor-column-gap-default\">\n\t\t\t\t\t<div class=\"elementor-column elementor-col-50 elementor-top-column elementor-element elementor-element-776cd47f\" data-id=\"776cd47f\" data-element_type=\"column\">\n\t\t\t<div class=\"elementor-widget-wrap elementor-element-populated\">\n\t\t\t\t\t\t\t\t<div class=\"elementor-element elementor-element-78559238 elementor-nav-menu__text-align-aside elementor-widget elementor-widget-nav-menu\" data-id=\"78559238\" data-element_type=\"widget\" data-settings=\"{&quot;layout&quot;:&quot;dropdown&quot;,&quot;motion_fx_motion_fx_scrolling&quot;:&quot;yes&quot;,&quot;motion_fx_range&quot;:&quot;page&quot;,&quot;sticky&quot;:&quot;top&quot;,&quot;sticky_offset&quot;:94,&quot;submenu_icon&quot;:{&quot;value&quot;:&quot;&lt;i class=\\&quot;fas fa-caret-down\\&quot;&gt;&lt;\\\/i&gt;&quot;,&quot;library&quot;:&quot;fa-solid&quot;},&quot;motion_fx_devices&quot;:[&quot;desktop&quot;,&quot;tablet&quot;,&quot;mobile&quot;],&quot;sticky_on&quot;:[&quot;desktop&quot;,&quot;tablet&quot;,&quot;mobile&quot;],&quot;sticky_effects_offset&quot;:0}\" data-widget_type=\"nav-menu.default\">\n\t\t\t\t<div class=\"elementor-widget-container\">\n\t\t\t\t\t<div class=\"elementor-menu-toggle\" role=\"button\" tabindex=\"0\" aria-label=\"Menu Toggle\" aria-expanded=\"false\">\n\t\t\t<i aria-hidden=\"true\" role=\"presentation\" class=\"elementor-menu-toggle__icon--open eicon-menu-bar\"><\/i><i aria-hidden=\"true\" role=\"presentation\" class=\"elementor-menu-toggle__icon--close eicon-close\"><\/i>\t\t\t<span class=\"elementor-screen-only\">Menu<\/span>\n\t\t<\/div>\n\t\t\t<nav class=\"elementor-nav-menu--dropdown elementor-nav-menu__container\" aria-hidden=\"true\">\n\t\t\t\t<ul id=\"menu-2-78559238\" class=\"elementor-nav-menu\"><li class=\"menu-item menu-item-type-post_type menu-item-object-page menu-item-402\"><a href=\"https:\/\/darstal.eu\/pl\/dar-stal\/\" class=\"elementor-item\" tabindex=\"-1\">DAR STAL<\/a><\/li>\n<li class=\"menu-item menu-item-type-post_type menu-item-object-page menu-item-403\"><a href=\"https:\/\/darstal.eu\/pl\/nagrody-i-wdrozenia\/\" class=\"elementor-item\" tabindex=\"-1\">Nagrody i wdro\u017cenia<\/a><\/li>\n<\/ul>\t\t\t<\/nav>\n\t\t\t\t<\/div>\n\t\t\t\t<\/div>\n\t\t\t\t\t<\/div>\n\t\t<\/div>\n\t\t\t\t<div class=\"elementor-column elementor-col-50 elementor-top-column elementor-element elementor-element-1dd5b994 elementor-invisible\" data-id=\"1dd5b994\" data-element_type=\"column\" data-settings=\"{&quot;animation&quot;:&quot;fadeInUp&quot;}\">\n\t\t\t<div class=\"elementor-widget-wrap elementor-element-populated\">\n\t\t\t\t\t\t\t\t<div class=\"elementor-element elementor-element-77386be elementor-grid-3 elementor-grid-tablet-2 elementor-grid-mobile-1 elementor-posts--thumbnail-top elementor-posts--show-avatar elementor-card-shadow-yes elementor-posts__hover-gradient elementor-widget elementor-widget-posts\" data-id=\"77386be\" data-element_type=\"widget\" data-settings=\"{&quot;cards_columns&quot;:&quot;3&quot;,&quot;cards_columns_tablet&quot;:&quot;2&quot;,&quot;cards_columns_mobile&quot;:&quot;1&quot;,&quot;cards_row_gap&quot;:{&quot;unit&quot;:&quot;px&quot;,&quot;size&quot;:35,&quot;sizes&quot;:[]},&quot;cards_row_gap_tablet&quot;:{&quot;unit&quot;:&quot;px&quot;,&quot;size&quot;:&quot;&quot;,&quot;sizes&quot;:[]},&quot;cards_row_gap_mobile&quot;:{&quot;unit&quot;:&quot;px&quot;,&quot;size&quot;:&quot;&quot;,&quot;sizes&quot;:[]}}\" data-widget_type=\"posts.cards\">\n\t\t\t\t<div class=\"elementor-widget-container\">\n\t\t\t\t\t<div class=\"elementor-posts-container elementor-posts elementor-posts--skin-cards elementor-grid\">\n\t\t\t\t<article class=\"elementor-post elementor-grid-item post-1531 post type-post status-publish format-standard has-post-thumbnail hentry category-wyprzedaz-maszyn-i-pojazdow tag-linia-do-ciecia-poprzecznego-blach\">\n\t\t\t<div class=\"elementor-post__card\">\n\t\t\t\t<a class=\"elementor-post__thumbnail__link\" href=\"https:\/\/darstal.eu\/pl\/linia-wilhelm-maschin-do-ciecia-poprzecznego-blach-z-kregu-o-grubosci-od-05-do-2-mm\/\" ><div class=\"elementor-post__thumbnail\"><img loading=\"lazy\" decoding=\"async\" width=\"300\" height=\"223\" src=\"https:\/\/darstal.eu\/wp-content\/uploads\/2021\/06\/IMG_6277-300x223.jpg\" class=\"attachment-medium size-medium\" alt=\"\" srcset=\"https:\/\/darstal.eu\/wp-content\/uploads\/2021\/06\/IMG_6277-300x223.jpg 300w, https:\/\/darstal.eu\/wp-content\/uploads\/2021\/06\/IMG_6277-1024x760.jpg 1024w, https:\/\/darstal.eu\/wp-content\/uploads\/2021\/06\/IMG_6277-768x570.jpg 768w, https:\/\/darstal.eu\/wp-content\/uploads\/2021\/06\/IMG_6277-1536x1141.jpg 1536w, https:\/\/darstal.eu\/wp-content\/uploads\/2021\/06\/IMG_6277.jpg 1764w\" sizes=\"(max-width: 300px) 100vw, 300px\" \/><\/div><\/a>\n\t\t\t\t<div class=\"elementor-post__badge\">Wyprzeda\u017c maszyn i pojazd\u00f3w<\/div>\n\t\t\t\t<div class=\"elementor-post__avatar\">\n\t\t\t<img alt='admin' src='https:\/\/secure.gravatar.com\/avatar\/b781b2b07edaa36871be4696596d3c1b?s=128&#038;d=mm&#038;r=g' srcset='https:\/\/secure.gravatar.com\/avatar\/b781b2b07edaa36871be4696596d3c1b?s=256&#038;d=mm&#038;r=g 2x' class='avatar avatar-128 photo' height='128' width='128' \/>\t\t<\/div>\n\t\t\t\t<div class=\"elementor-post__text\">\n\t\t\t\t<h3 class=\"elementor-post__title\">\n\t\t\t<a href=\"https:\/\/darstal.eu\/pl\/linia-wilhelm-maschin-do-ciecia-poprzecznego-blach-z-kregu-o-grubosci-od-05-do-2-mm\/\" >\n\t\t\t\tLinia Wilhelm Maschin do ci\u0119cia poprzecznego blach z kr\u0119gu o grubo\u015bci od 0,5 do 2 mm\t\t\t<\/a>\n\t\t<\/h3>\n\t\t\t\t<div class=\"elementor-post__excerpt\">\n\t\t\t<p>Specyfikacja: Producent: Wilhelmsburger Maschinefabrik Model: RFS 2\/1600 Numer serii: 2903 Grubo\u015b\u0107 blachy: 0,5 \u2013 2 mm Pr\u0119dko\u015b\u0107 ci\u0119cia: 40 m \/ min Maksymalna d\u0142ugo\u015b\u0107 ci\u0119cia:<\/p>\n\t\t<\/div>\n\t\t\n\t\t<a class=\"elementor-post__read-more\" href=\"https:\/\/darstal.eu\/pl\/linia-wilhelm-maschin-do-ciecia-poprzecznego-blach-z-kregu-o-grubosci-od-05-do-2-mm\/\" >\n\t\t\tRead More \u00bb\t\t<\/a>\n\n\t\t\t\t<\/div>\n\t\t\t\t<div class=\"elementor-post__meta-data\">\n\t\t\t\t\t<span class=\"elementor-post-date\">\n\t\t\t15 czerwca, 2021\t\t<\/span>\n\t\t\t\t<span class=\"elementor-post-avatar\">\n\t\t\tBrak komentarzy\t\t<\/span>\n\t\t\t\t<\/div>\n\t\t\t\t\t<\/div>\n\t\t<\/article>\n\t\t\t\t<article class=\"elementor-post elementor-grid-item post-1524 post type-post status-publish format-standard has-post-thumbnail hentry category-wyprzedaz-maszyn-i-pojazdow tag-elektryczny-wozek-widlowy\">\n\t\t\t<div class=\"elementor-post__card\">\n\t\t\t\t<a class=\"elementor-post__thumbnail__link\" href=\"https:\/\/darstal.eu\/pl\/elektryczny-wozek-widlowy-jungenheinrich-erc-14\/\" ><div class=\"elementor-post__thumbnail\"><img loading=\"lazy\" decoding=\"async\" width=\"222\" height=\"300\" src=\"https:\/\/darstal.eu\/wp-content\/uploads\/2021\/06\/1-1-222x300.jpg\" class=\"attachment-medium size-medium\" alt=\"\" srcset=\"https:\/\/darstal.eu\/wp-content\/uploads\/2021\/06\/1-1-222x300.jpg 222w, https:\/\/darstal.eu\/wp-content\/uploads\/2021\/06\/1-1-757x1024.jpg 757w, https:\/\/darstal.eu\/wp-content\/uploads\/2021\/06\/1-1-768x1039.jpg 768w, https:\/\/darstal.eu\/wp-content\/uploads\/2021\/06\/1-1-1136x1536.jpg 1136w, https:\/\/darstal.eu\/wp-content\/uploads\/2021\/06\/1-1.jpg 1359w\" sizes=\"(max-width: 222px) 100vw, 222px\" \/><\/div><\/a>\n\t\t\t\t<div class=\"elementor-post__badge\">Wyprzeda\u017c maszyn i pojazd\u00f3w<\/div>\n\t\t\t\t<div class=\"elementor-post__avatar\">\n\t\t\t<img alt='admin' src='https:\/\/secure.gravatar.com\/avatar\/b781b2b07edaa36871be4696596d3c1b?s=128&#038;d=mm&#038;r=g' srcset='https:\/\/secure.gravatar.com\/avatar\/b781b2b07edaa36871be4696596d3c1b?s=256&#038;d=mm&#038;r=g 2x' class='avatar avatar-128 photo' height='128' width='128' \/>\t\t<\/div>\n\t\t\t\t<div class=\"elementor-post__text\">\n\t\t\t\t<h3 class=\"elementor-post__title\">\n\t\t\t<a href=\"https:\/\/darstal.eu\/pl\/elektryczny-wozek-widlowy-jungenheinrich-erc-14\/\" >\n\t\t\t\tElektryczny w\u00f3zek wid\u0142owy Jungenheinrich ERC 14\t\t\t<\/a>\n\t\t<\/h3>\n\t\t\t\t<div class=\"elementor-post__excerpt\">\n\t\t\t<p>Elektryczny w\u00f3zek wid\u0142owy Jungenheinrich ERC 14Producent: JungheinrichTyp: ERC-14-02-3FG-50Rok produkcji: 2009Wymiary: 2100 x 870 x 2620 Parametry: Wysoko\u015b\u0107 podnoszenia: 4300 mmD\u0142ugo\u015b\u0107 wide\u0142: 1150 mmDopuszczalna \u0142adowno\u015b\u0107: 1400<\/p>\n\t\t<\/div>\n\t\t\n\t\t<a class=\"elementor-post__read-more\" href=\"https:\/\/darstal.eu\/pl\/elektryczny-wozek-widlowy-jungenheinrich-erc-14\/\" >\n\t\t\tRead More \u00bb\t\t<\/a>\n\n\t\t\t\t<\/div>\n\t\t\t\t<div class=\"elementor-post__meta-data\">\n\t\t\t\t\t<span class=\"elementor-post-date\">\n\t\t\t15 czerwca, 2021\t\t<\/span>\n\t\t\t\t<span class=\"elementor-post-avatar\">\n\t\t\tBrak komentarzy\t\t<\/span>\n\t\t\t\t<\/div>\n\t\t\t\t\t<\/div>\n\t\t<\/article>\n\t\t\t\t<article class=\"elementor-post elementor-grid-item post-1504 post type-post status-publish format-standard has-post-thumbnail hentry category-wyprzedaz-maszyn-i-pojazdow tag-ciecie-poprzeczne tag-ciecie-wzdluzne\">\n\t\t\t<div class=\"elementor-post__card\">\n\t\t\t\t<a class=\"elementor-post__thumbnail__link\" href=\"https:\/\/darstal.eu\/pl\/linia-do-ciecia-poprzecznego-i-podluznego-blach-z-kregu-o-grubosci-od-2-do-5-mm\/\" ><div class=\"elementor-post__thumbnail\"><img loading=\"lazy\" decoding=\"async\" width=\"300\" height=\"164\" src=\"https:\/\/darstal.eu\/wp-content\/uploads\/2021\/06\/IMG_6218-300x164.jpg\" class=\"attachment-medium size-medium\" alt=\"\" srcset=\"https:\/\/darstal.eu\/wp-content\/uploads\/2021\/06\/IMG_6218-300x164.jpg 300w, https:\/\/darstal.eu\/wp-content\/uploads\/2021\/06\/IMG_6218-1024x559.jpg 1024w, https:\/\/darstal.eu\/wp-content\/uploads\/2021\/06\/IMG_6218-768x419.jpg 768w, https:\/\/darstal.eu\/wp-content\/uploads\/2021\/06\/IMG_6218-1536x839.jpg 1536w, https:\/\/darstal.eu\/wp-content\/uploads\/2021\/06\/IMG_6218.jpg 1906w\" sizes=\"(max-width: 300px) 100vw, 300px\" \/><\/div><\/a>\n\t\t\t\t<div class=\"elementor-post__badge\">Wyprzeda\u017c maszyn i pojazd\u00f3w<\/div>\n\t\t\t\t<div class=\"elementor-post__avatar\">\n\t\t\t<img alt='admin' src='https:\/\/secure.gravatar.com\/avatar\/b781b2b07edaa36871be4696596d3c1b?s=128&#038;d=mm&#038;r=g' srcset='https:\/\/secure.gravatar.com\/avatar\/b781b2b07edaa36871be4696596d3c1b?s=256&#038;d=mm&#038;r=g 2x' class='avatar avatar-128 photo' height='128' width='128' \/>\t\t<\/div>\n\t\t\t\t<div class=\"elementor-post__text\">\n\t\t\t\t<h3 class=\"elementor-post__title\">\n\t\t\t<a href=\"https:\/\/darstal.eu\/pl\/linia-do-ciecia-poprzecznego-i-podluznego-blach-z-kregu-o-grubosci-od-2-do-5-mm\/\" >\n\t\t\t\tLinia do ci\u0119cia poprzecznego i pod\u0142u\u017cnego blach z kr\u0119gu o grubo\u015bci od 2 do 5 mm\t\t\t<\/a>\n\t\t<\/h3>\n\t\t\t\t<div class=\"elementor-post__excerpt\">\n\t\t\t<p>Linia do ci\u0119cia blach z kr\u0119gu przeznaczona jest do ci\u0119cia poprzecznego i wzd\u0142u\u017cnego blach na \u017c\u0105dany format oraz wycinanie pas\u00f3w z blachy stalowej, metali nie\u017celaznych<\/p>\n\t\t<\/div>\n\t\t\n\t\t<a class=\"elementor-post__read-more\" href=\"https:\/\/darstal.eu\/pl\/linia-do-ciecia-poprzecznego-i-podluznego-blach-z-kregu-o-grubosci-od-2-do-5-mm\/\" >\n\t\t\tRead More \u00bb\t\t<\/a>\n\n\t\t\t\t<\/div>\n\t\t\t\t<div class=\"elementor-post__meta-data\">\n\t\t\t\t\t<span class=\"elementor-post-date\">\n\t\t\t15 czerwca, 2021\t\t<\/span>\n\t\t\t\t<span class=\"elementor-post-avatar\">\n\t\t\tBrak komentarzy\t\t<\/span>\n\t\t\t\t<\/div>\n\t\t\t\t\t<\/div>\n\t\t<\/article>\n\t\t\t\t<article class=\"elementor-post elementor-grid-item post-1455 post type-post status-publish format-standard has-post-thumbnail hentry category-wyprzedaz-maszyn-i-pojazdow tag-ciecie-poprzeczne tag-linia-ungerer\">\n\t\t\t<div class=\"elementor-post__card\">\n\t\t\t\t<a class=\"elementor-post__thumbnail__link\" href=\"https:\/\/darstal.eu\/pl\/linia-ungerer-do-ciecia-poprzecznego-blach-z-kregu-o-grubosci-od-03-do-15-mm\/\" ><div class=\"elementor-post__thumbnail\"><img loading=\"lazy\" decoding=\"async\" width=\"300\" height=\"117\" src=\"https:\/\/darstal.eu\/wp-content\/uploads\/2021\/06\/0-miniaturka-zmiejsz-300x117.jpg\" class=\"attachment-medium size-medium\" alt=\"\" srcset=\"https:\/\/darstal.eu\/wp-content\/uploads\/2021\/06\/0-miniaturka-zmiejsz-300x117.jpg 300w, https:\/\/darstal.eu\/wp-content\/uploads\/2021\/06\/0-miniaturka-zmiejsz-768x299.jpg 768w, https:\/\/darstal.eu\/wp-content\/uploads\/2021\/06\/0-miniaturka-zmiejsz.jpg 801w\" sizes=\"(max-width: 300px) 100vw, 300px\" \/><\/div><\/a>\n\t\t\t\t<div class=\"elementor-post__badge\">Wyprzeda\u017c maszyn i pojazd\u00f3w<\/div>\n\t\t\t\t<div class=\"elementor-post__avatar\">\n\t\t\t<img alt='admin' src='https:\/\/secure.gravatar.com\/avatar\/b781b2b07edaa36871be4696596d3c1b?s=128&#038;d=mm&#038;r=g' srcset='https:\/\/secure.gravatar.com\/avatar\/b781b2b07edaa36871be4696596d3c1b?s=256&#038;d=mm&#038;r=g 2x' class='avatar avatar-128 photo' height='128' width='128' \/>\t\t<\/div>\n\t\t\t\t<div class=\"elementor-post__text\">\n\t\t\t\t<h3 class=\"elementor-post__title\">\n\t\t\t<a href=\"https:\/\/darstal.eu\/pl\/linia-ungerer-do-ciecia-poprzecznego-blach-z-kregu-o-grubosci-od-03-do-15-mm\/\" >\n\t\t\t\tLinia UNGERER do ci\u0119cia poprzecznego blach z kr\u0119gu o grubo\u015bci od 0,3 do 1,5 mm\t\t\t<\/a>\n\t\t<\/h3>\n\t\t\t\t<div class=\"elementor-post__excerpt\">\n\t\t\t<p>W sk\u0142ad linii do ci\u0119cia wchodz\u0105: Rozwijak Prostownica z regulacj\u0105 formatu blachy Gilotyna do ci\u0119cia poprzecznego G\u0142owica do ci\u0119cia wzd\u0142u\u017cnego Zesp\u00f3\u0142 podajnik\u00f3w rolkowych St\u00f3\u0142 kompensacyjny<\/p>\n\t\t<\/div>\n\t\t\n\t\t<a class=\"elementor-post__read-more\" href=\"https:\/\/darstal.eu\/pl\/linia-ungerer-do-ciecia-poprzecznego-blach-z-kregu-o-grubosci-od-03-do-15-mm\/\" >\n\t\t\tRead More \u00bb\t\t<\/a>\n\n\t\t\t\t<\/div>\n\t\t\t\t<div class=\"elementor-post__meta-data\">\n\t\t\t\t\t<span class=\"elementor-post-date\">\n\t\t\t15 czerwca, 2021\t\t<\/span>\n\t\t\t\t<span class=\"elementor-post-avatar\">\n\t\t\tBrak komentarzy\t\t<\/span>\n\t\t\t\t<\/div>\n\t\t\t\t\t<\/div>\n\t\t<\/article>\n\t\t\t\t<article class=\"elementor-post elementor-grid-item post-1441 post type-post status-publish format-standard has-post-thumbnail hentry category-wyprzedaz-maszyn-i-pojazdow tag-ciecie-poprzeczne tag-linia-ungerer\">\n\t\t\t<div class=\"elementor-post__card\">\n\t\t\t\t<a class=\"elementor-post__thumbnail__link\" href=\"https:\/\/darstal.eu\/pl\/linia-ungerer-do-ciecia-poprzecznego-blach-z-kregu-o-grubosci-od-05-do-3mm\/\" ><div class=\"elementor-post__thumbnail\"><img loading=\"lazy\" decoding=\"async\" width=\"300\" height=\"173\" src=\"https:\/\/darstal.eu\/wp-content\/uploads\/2021\/06\/0-minaturka_Easy-Resize.com-1-300x173.jpg\" class=\"attachment-medium size-medium\" alt=\"\" srcset=\"https:\/\/darstal.eu\/wp-content\/uploads\/2021\/06\/0-minaturka_Easy-Resize.com-1-300x173.jpg 300w, https:\/\/darstal.eu\/wp-content\/uploads\/2021\/06\/0-minaturka_Easy-Resize.com-1-1024x592.jpg 1024w, https:\/\/darstal.eu\/wp-content\/uploads\/2021\/06\/0-minaturka_Easy-Resize.com-1-768x444.jpg 768w, https:\/\/darstal.eu\/wp-content\/uploads\/2021\/06\/0-minaturka_Easy-Resize.com-1.jpg 1280w\" sizes=\"(max-width: 300px) 100vw, 300px\" \/><\/div><\/a>\n\t\t\t\t<div class=\"elementor-post__badge\">Wyprzeda\u017c maszyn i pojazd\u00f3w<\/div>\n\t\t\t\t<div class=\"elementor-post__avatar\">\n\t\t\t<img alt='admin' src='https:\/\/secure.gravatar.com\/avatar\/b781b2b07edaa36871be4696596d3c1b?s=128&#038;d=mm&#038;r=g' srcset='https:\/\/secure.gravatar.com\/avatar\/b781b2b07edaa36871be4696596d3c1b?s=256&#038;d=mm&#038;r=g 2x' class='avatar avatar-128 photo' height='128' width='128' \/>\t\t<\/div>\n\t\t\t\t<div class=\"elementor-post__text\">\n\t\t\t\t<h3 class=\"elementor-post__title\">\n\t\t\t<a href=\"https:\/\/darstal.eu\/pl\/linia-ungerer-do-ciecia-poprzecznego-blach-z-kregu-o-grubosci-od-05-do-3mm\/\" >\n\t\t\t\tLinia UNGERER do ci\u0119cia poprzecznego blach z kr\u0119gu o grubo\u015bci od 0,5 do 3mm\t\t\t<\/a>\n\t\t<\/h3>\n\t\t\t\t<div class=\"elementor-post__excerpt\">\n\t\t\t<p>W sk\u0142ad linii do ci\u0119cia wchodz\u0105: Rozwijak Prostownica z regulacj\u0105 formatu blachy Gilotyna St\u00f3\u0142 kompensacyjny Parametry linii: Model: 1500 \/ 3 \/ 23 Rok produkcji<\/p>\n\t\t<\/div>\n\t\t\n\t\t<a class=\"elementor-post__read-more\" href=\"https:\/\/darstal.eu\/pl\/linia-ungerer-do-ciecia-poprzecznego-blach-z-kregu-o-grubosci-od-05-do-3mm\/\" >\n\t\t\tRead More \u00bb\t\t<\/a>\n\n\t\t\t\t<\/div>\n\t\t\t\t<div class=\"elementor-post__meta-data\">\n\t\t\t\t\t<span class=\"elementor-post-date\">\n\t\t\t15 czerwca, 2021\t\t<\/span>\n\t\t\t\t<span class=\"elementor-post-avatar\">\n\t\t\tBrak komentarzy\t\t<\/span>\n\t\t\t\t<\/div>\n\t\t\t\t\t<\/div>\n\t\t<\/article>\n\t\t\t\t<\/div>\n\t\t\n\t\t\t\t<\/div>\n\t\t\t\t<\/div>\n\t\t\t\t\t<\/div>\n\t\t<\/div>\n\t\t\t\t\t\t\t<\/div>\n\t\t<\/section>\n\t\t\t\t\t\t\t<\/div>\n\t\t","protected":false},"excerpt":{"rendered":"","protected":false},"author":1,"featured_media":0,"parent":0,"menu_order":0,"comment_status":"closed","ping_status":"closed","template":"","meta":{"footnotes":""},"yoast_head":"<!-- This site is optimized with the Yoast SEO plugin v19.10 - https:\/\/yoast.com\/wordpress\/plugins\/seo\/ -->\n<title>Wydarzenia - DARSTAL<\/title>\n<meta name=\"robots\" content=\"index, follow, max-snippet:-1, max-image-preview:large, max-video-preview:-1\" \/>\n<link rel=\"canonical\" href=\"https:\/\/darstal.eu\/pl\/wydarzenia\/\" \/>\n<meta property=\"og:locale\" content=\"pl_PL\" \/>\n<meta property=\"og:type\" content=\"article\" \/>\n<meta property=\"og:title\" content=\"Wydarzenia - DARSTAL\" \/>\n<meta property=\"og:url\" content=\"https:\/\/darstal.eu\/pl\/wydarzenia\/\" \/>\n<meta property=\"og:site_name\" content=\"DARSTAL\" \/>\n<meta property=\"article:modified_time\" content=\"2021-07-20T05:56:28+00:00\" \/>\n<meta name=\"twitter:card\" content=\"summary_large_image\" \/>\n<script type=\"application\/ld+json\" class=\"yoast-schema-graph\">{\"@context\":\"https:\/\/schema.org\",\"@graph\":[{\"@type\":\"WebPage\",\"@id\":\"https:\/\/darstal.eu\/en\/wydarzenia\/\",\"url\":\"https:\/\/darstal.eu\/en\/wydarzenia\/\",\"name\":\"Wydarzenia - DARSTAL\",\"isPartOf\":{\"@id\":\"https:\/\/darstal.eu\/pl\/#website\"},\"datePublished\":\"2021-06-07T13:36:58+00:00\",\"dateModified\":\"2021-07-20T05:56:28+00:00\",\"breadcrumb\":{\"@id\":\"https:\/\/darstal.eu\/en\/wydarzenia\/#breadcrumb\"},\"inLanguage\":\"pl-PL\",\"potentialAction\":[{\"@type\":\"ReadAction\",\"target\":[\"https:\/\/darstal.eu\/en\/wydarzenia\/\"]}]},{\"@type\":\"BreadcrumbList\",\"@id\":\"https:\/\/darstal.eu\/en\/wydarzenia\/#breadcrumb\",\"itemListElement\":[{\"@type\":\"ListItem\",\"position\":1,\"name\":\"Strona g\u0142\u00f3wna\",\"item\":\"https:\/\/darstal.eu\/pl\/\"},{\"@type\":\"ListItem\",\"position\":2,\"name\":\"Wydarzenia\"}]},{\"@type\":\"WebSite\",\"@id\":\"https:\/\/darstal.eu\/pl\/#website\",\"url\":\"https:\/\/darstal.eu\/pl\/\",\"name\":\"DARSTAL\",\"description\":\"STALOWE CENTRUM SERWISOWE\",\"publisher\":{\"@id\":\"https:\/\/darstal.eu\/pl\/#organization\"},\"potentialAction\":[{\"@type\":\"SearchAction\",\"target\":{\"@type\":\"EntryPoint\",\"urlTemplate\":\"https:\/\/darstal.eu\/pl\/?s={search_term_string}\"},\"query-input\":\"required name=search_term_string\"}],\"inLanguage\":\"pl-PL\"},{\"@type\":\"Organization\",\"@id\":\"https:\/\/darstal.eu\/pl\/#organization\",\"name\":\"DARSTAL\",\"url\":\"https:\/\/darstal.eu\/pl\/\",\"logo\":{\"@type\":\"ImageObject\",\"inLanguage\":\"pl-PL\",\"@id\":\"https:\/\/darstal.eu\/pl\/#\/schema\/logo\/image\/\",\"url\":\"https:\/\/darstal.eu\/wp-content\/uploads\/2021\/06\/darstal_logo_01.png\",\"contentUrl\":\"https:\/\/darstal.eu\/wp-content\/uploads\/2021\/06\/darstal_logo_01.png\",\"width\":501,\"height\":119,\"caption\":\"DARSTAL\"},\"image\":{\"@id\":\"https:\/\/darstal.eu\/pl\/#\/schema\/logo\/image\/\"}}]}<\/script>\n<!-- \/ Yoast SEO plugin. -->","yoast_head_json":{"title":"Wydarzenia - DARSTAL","robots":{"index":"index","follow":"follow","max-snippet":"max-snippet:-1","max-image-preview":"max-image-preview:large","max-video-preview":"max-video-preview:-1"},"canonical":"https:\/\/darstal.eu\/pl\/wydarzenia\/","og_locale":"pl_PL","og_type":"article","og_title":"Wydarzenia - DARSTAL","og_url":"https:\/\/darstal.eu\/pl\/wydarzenia\/","og_site_name":"DARSTAL","article_modified_time":"2021-07-20T05:56:28+00:00","twitter_card":"summary_large_image","schema":{"@context":"https:\/\/schema.org","@graph":[{"@type":"WebPage","@id":"https:\/\/darstal.eu\/en\/wydarzenia\/","url":"https:\/\/darstal.eu\/en\/wydarzenia\/","name":"Wydarzenia - DARSTAL","isPartOf":{"@id":"https:\/\/darstal.eu\/pl\/#website"},"datePublished":"2021-06-07T13:36:58+00:00","dateModified":"2021-07-20T05:56:28+00:00","breadcrumb":{"@id":"https:\/\/darstal.eu\/en\/wydarzenia\/#breadcrumb"},"inLanguage":"pl-PL","potentialAction":[{"@type":"ReadAction","target":["https:\/\/darstal.eu\/en\/wydarzenia\/"]}]},{"@type":"BreadcrumbList","@id":"https:\/\/darstal.eu\/en\/wydarzenia\/#breadcrumb","itemListElement":[{"@type":"ListItem","position":1,"name":"Strona g\u0142\u00f3wna","item":"https:\/\/darstal.eu\/pl\/"},{"@type":"ListItem","position":2,"name":"Wydarzenia"}]},{"@type":"WebSite","@id":"https:\/\/darstal.eu\/pl\/#website","url":"https:\/\/darstal.eu\/pl\/","name":"DARSTAL","description":"STALOWE CENTRUM SERWISOWE","publisher":{"@id":"https:\/\/darstal.eu\/pl\/#organization"},"potentialAction":[{"@type":"SearchAction","target":{"@type":"EntryPoint","urlTemplate":"https:\/\/darstal.eu\/pl\/?s={search_term_string}"},"query-input":"required name=search_term_string"}],"inLanguage":"pl-PL"},{"@type":"Organization","@id":"https:\/\/darstal.eu\/pl\/#organization","name":"DARSTAL","url":"https:\/\/darstal.eu\/pl\/","logo":{"@type":"ImageObject","inLanguage":"pl-PL","@id":"https:\/\/darstal.eu\/pl\/#\/schema\/logo\/image\/","url":"https:\/\/darstal.eu\/wp-content\/uploads\/2021\/06\/darstal_logo_01.png","contentUrl":"https:\/\/darstal.eu\/wp-content\/uploads\/2021\/06\/darstal_logo_01.png","width":501,"height":119,"caption":"DARSTAL"},"image":{"@id":"https:\/\/darstal.eu\/pl\/#\/schema\/logo\/image\/"}}]}},"_links":{"self":[{"href":"https:\/\/darstal.eu\/pl\/wp-json\/wp\/v2\/pages\/343"}],"collection":[{"href":"https:\/\/darstal.eu\/pl\/wp-json\/wp\/v2\/pages"}],"about":[{"href":"https:\/\/darstal.eu\/pl\/wp-json\/wp\/v2\/types\/page"}],"author":[{"embeddable":true,"href":"https:\/\/darstal.eu\/pl\/wp-json\/wp\/v2\/users\/1"}],"replies":[{"embeddable":true,"href":"https:\/\/darstal.eu\/pl\/wp-json\/wp\/v2\/comments?post=343"}],"version-history":[{"count":10,"href":"https:\/\/darstal.eu\/pl\/wp-json\/wp\/v2\/pages\/343\/revisions"}],"predecessor-version":[{"id":1884,"href":"https:\/\/darstal.eu\/pl\/wp-json\/wp\/v2\/pages\/343\/revisions\/1884"}],"wp:attachment":[{"href":"https:\/\/darstal.eu\/pl\/wp-json\/wp\/v2\/media?parent=343"}],"curies":[{"name":"wp","href":"https:\/\/api.w.org\/{rel}","templated":true}]}}