{"id":398,"date":"2021-06-07T15:53:42","date_gmt":"2021-06-07T15:53:42","guid":{"rendered":"http:\/\/darstal.eu\/?page_id=398"},"modified":"2021-06-23T08:54:13","modified_gmt":"2021-06-23T08:54:13","slug":"rodo","status":"publish","type":"page","link":"https:\/\/darstal.eu\/pl\/rodo\/","title":{"rendered":"RODO"},"content":{"rendered":"\t\t<div data-elementor-type=\"wp-page\" data-elementor-id=\"398\" class=\"elementor elementor-398\">\n\t\t\t\t\t\t\t\t\t<section class=\"elementor-section elementor-top-section elementor-element elementor-element-c94f73b elementor-section-full_width elementor-section-height-default elementor-section-height-default\" data-id=\"c94f73b\" data-element_type=\"section\" data-settings=\"{&quot;animation&quot;:&quot;none&quot;}\">\n\t\t\t\t\t\t<div class=\"elementor-container elementor-column-gap-default\">\n\t\t\t\t\t<div class=\"elementor-column elementor-col-100 elementor-top-column elementor-element elementor-element-0e9a53a elementor-invisible\" data-id=\"0e9a53a\" data-element_type=\"column\" data-settings=\"{&quot;animation&quot;:&quot;fadeInUp&quot;}\">\n\t\t\t<div class=\"elementor-widget-wrap elementor-element-populated\">\n\t\t\t\t\t\t\t\t<div class=\"elementor-element elementor-element-aade96a elementor-widget elementor-widget-menu-anchor\" data-id=\"aade96a\" data-element_type=\"widget\" data-widget_type=\"menu-anchor.default\">\n\t\t\t\t<div class=\"elementor-widget-container\">\n\t\t\t\t\t<div id=\"klauzula-kontrahent\" class=\"elementor-menu-anchor\"><\/div>\n\t\t\t\t<\/div>\n\t\t\t\t<\/div>\n\t\t\t\t<div class=\"elementor-element elementor-element-f307eea elementor-widget elementor-widget-heading\" data-id=\"f307eea\" data-element_type=\"widget\" data-widget_type=\"heading.default\">\n\t\t\t\t<div class=\"elementor-widget-container\">\n\t\t\t<h5 class=\"elementor-heading-title elementor-size-default\">Klauzula informacyjna dla kontrahenta<\/h5>\t\t<\/div>\n\t\t\t\t<\/div>\n\t\t\t\t<div class=\"elementor-element elementor-element-9a9006c elementor-widget elementor-widget-text-editor\" data-id=\"9a9006c\" data-element_type=\"widget\" data-widget_type=\"text-editor.default\">\n\t\t\t\t<div class=\"elementor-widget-container\">\n\t\t\t\t\t\t\t<p><strong>Administrator Danych Osobowych<\/strong><\/p><p>DAR STAL Dariusz Za\u0142awa<\/p><p><strong>Podstawa prawna przetwarzania<\/strong><\/p><p>B\u0119dziemy przetwarza\u0107 Pa\u0144stwa dane osobowe w\u00a0cel realizacji zawartej z\u00a0Pa\u0144stwem umowy lub w\u00a0celu podj\u0119cia dzia\u0142a\u0144 na Pa\u0144stwa \u017c\u0105danie przed zawarciem umowy (art. 6 ust 1 lit. b RODO). Pa\u0144stwa dane osobowe mog\u0105 by\u0107 tak\u017ce przetwarzane na podstawie ci\u0105\u017c\u0105cego na nas obowi\u0105zku prawnego wynikaj\u0105cego z\u00a0ustawy o\u00a0rachunkowo\u015bci (art. 6 ust 1 lit c RODO)<\/p><p><strong>Czas przetwarzania danych osobowych<\/strong><\/p><p>Pa\u0144stwa dane osobowe przetwarzane na podstawie umowy b\u0119d\u0105 przetwarzane przez\u00a0ca\u0142y okres jej trwania. W\u00a0przypadku powstania obowi\u0105zku prawnego- obowi\u0105zek podatkowy- wynikaj\u0105cego z\u00a0ustawy o\u00a0rachunkowo\u015bci dane osobowe b\u0119d\u0105 przetwarzane przez\u00a0okres 5 lat od zako\u0144czenia okresu obrotowego, w\u00a0kt\u00f3rym nast\u0105pi\u0142o zdarzenie powoduj\u0105ce powstanie obowi\u0105zku podatkowego.<br \/>Pa\u0144stwa uprawnienia<\/p><p>&#8211; \u017c\u0105dania od nas jako administratora dost\u0119pu do danych osobowych Pana\/Pani\u0105 dotycz\u0105cych,<br \/>&#8211; ich sprostowania, usuni\u0119cia lub ograniczenia przetwarzania lub<br \/>&#8211; wniesienia sprzeciwu wobec przetwarzania, a tak\u017ce<br \/>&#8211; \u017c\u0105dania przeniesienia danych w\u00a0zakresie w\u00a0jakim dane s\u0105 przetwarzane na podstawie umowy,<br \/>&#8211; wniesienia skargi do Prezesa Urz\u0119du Ochrony Danych Osobowych, w\u00a0przypadku, je\u015bli uzna Pan\/Pani, i\u017c przetwarzanie danych narusza przepisy.<br \/>Informacja o\u00a0wymogu podania danych<\/p><p>Podanie danych osobowych jest dobrowolne, ale niezb\u0119dne do zawarcia umowy. W\u00a0przypadku ich niepodania umowa nie\u00a0zostanie zawarta. Dane osobowe b\u0119d\u0105 przetwarzane przez 10 lat od momentu ostatniego zdarzenia gospodarczego potwierdzonego faktur\u0105 lub przez 10 lat od zako\u0144czenia trwania umowy.<\/p><p><strong>Odbiorcy danych<\/strong><\/p><p>Jednocze\u015bnie informujemy, i\u017c Pana\/Pani dane osobowe mog\u0105 zosta\u0107 ujawnione podmiotom \u015bwiadcz\u0105cym us\u0142ugi na rzecz Administratora na podstawie zawartych um\u00f3w powierzenia. Dane mog\u0105 by przekazywane do pa\u0144stwa trzeciego\/organizacji mi\u0119dzynarodowej na podstawie: standardowych klauzul ochrony danych przyj\u0119tych przez\u00a0Komisj\u0119 Europejsk\u0105, istnieje mo\u017cliwo\u015b\u0107 uzyskania kopii danych osobowych przekazywanych do pa\u0144stwa trzeciego na podstawie pisemnego wniosku z\u0142o\u017conego Administratorowi Danych. Dane osobowe zostan\u0105 tak\u017ce: NS TC SP w\u00a0celu ci\u0105g\u0142ego podnoszenia jako\u015bci \u015bwiadczonych us\u0142ug oraz\u00a0na podstawie zawartych um\u00f3w powierzenia.<\/p>\t\t\t\t\t\t<\/div>\n\t\t\t\t<\/div>\n\t\t\t\t\t<\/div>\n\t\t<\/div>\n\t\t\t\t\t\t\t<\/div>\n\t\t<\/section>\n\t\t\t\t\t\t\t<\/div>\n\t\t","protected":false},"excerpt":{"rendered":"<p>Klauzula informacyjna dla kontrahenta Administrator Danych Osobowych DAR STAL Dariusz Za\u0142awa Podstawa prawna przetwarzania B\u0119dziemy przetwarza\u0107 Pa\u0144stwa dane osobowe w\u00a0cel realizacji zawartej z\u00a0Pa\u0144stwem umowy lub w\u00a0celu podj\u0119cia dzia\u0142a\u0144 na Pa\u0144stwa \u017c\u0105danie przed zawarciem umowy (art. 6 ust 1 lit. b RODO). Pa\u0144stwa dane osobowe mog\u0105 by\u0107 tak\u017ce przetwarzane na podstawie ci\u0105\u017c\u0105cego na nas obowi\u0105zku prawnego [&hellip;]<\/p>\n","protected":false},"author":1,"featured_media":0,"parent":0,"menu_order":0,"comment_status":"closed","ping_status":"closed","template":"","meta":{"footnotes":""},"yoast_head":"<!-- This site is optimized with the Yoast SEO plugin v19.10 - https:\/\/yoast.com\/wordpress\/plugins\/seo\/ -->\n<title>RODO - DARSTAL<\/title>\n<meta name=\"robots\" content=\"index, follow, max-snippet:-1, max-image-preview:large, max-video-preview:-1\" \/>\n<link rel=\"canonical\" href=\"https:\/\/darstal.eu\/pl\/rodo\/\" \/>\n<meta property=\"og:locale\" content=\"pl_PL\" \/>\n<meta property=\"og:type\" content=\"article\" \/>\n<meta property=\"og:title\" content=\"RODO - DARSTAL\" \/>\n<meta property=\"og:description\" content=\"Klauzula informacyjna dla kontrahenta Administrator Danych Osobowych DAR STAL Dariusz Za\u0142awa Podstawa prawna przetwarzania B\u0119dziemy przetwarza\u0107 Pa\u0144stwa dane osobowe w\u00a0cel realizacji zawartej z\u00a0Pa\u0144stwem umowy lub w\u00a0celu podj\u0119cia dzia\u0142a\u0144 na Pa\u0144stwa \u017c\u0105danie przed zawarciem umowy (art. 6 ust 1 lit. b RODO). Pa\u0144stwa dane osobowe mog\u0105 by\u0107 tak\u017ce przetwarzane na podstawie ci\u0105\u017c\u0105cego na nas obowi\u0105zku prawnego [&hellip;]\" \/>\n<meta property=\"og:url\" content=\"https:\/\/darstal.eu\/pl\/rodo\/\" \/>\n<meta property=\"og:site_name\" content=\"DARSTAL\" \/>\n<meta property=\"article:modified_time\" content=\"2021-06-23T08:54:13+00:00\" \/>\n<meta name=\"twitter:card\" content=\"summary_large_image\" \/>\n<meta name=\"twitter:label1\" content=\"Szacowany czas czytania\" \/>\n\t<meta name=\"twitter:data1\" content=\"2 minuty\" \/>\n<script type=\"application\/ld+json\" class=\"yoast-schema-graph\">{\"@context\":\"https:\/\/schema.org\",\"@graph\":[{\"@type\":\"WebPage\",\"@id\":\"https:\/\/darstal.eu\/en\/rodo\/\",\"url\":\"https:\/\/darstal.eu\/en\/rodo\/\",\"name\":\"RODO - DARSTAL\",\"isPartOf\":{\"@id\":\"https:\/\/darstal.eu\/pl\/#website\"},\"datePublished\":\"2021-06-07T15:53:42+00:00\",\"dateModified\":\"2021-06-23T08:54:13+00:00\",\"breadcrumb\":{\"@id\":\"https:\/\/darstal.eu\/en\/rodo\/#breadcrumb\"},\"inLanguage\":\"pl-PL\",\"potentialAction\":[{\"@type\":\"ReadAction\",\"target\":[\"https:\/\/darstal.eu\/en\/rodo\/\"]}]},{\"@type\":\"BreadcrumbList\",\"@id\":\"https:\/\/darstal.eu\/en\/rodo\/#breadcrumb\",\"itemListElement\":[{\"@type\":\"ListItem\",\"position\":1,\"name\":\"Strona g\u0142\u00f3wna\",\"item\":\"https:\/\/darstal.eu\/pl\/\"},{\"@type\":\"ListItem\",\"position\":2,\"name\":\"RODO\"}]},{\"@type\":\"WebSite\",\"@id\":\"https:\/\/darstal.eu\/pl\/#website\",\"url\":\"https:\/\/darstal.eu\/pl\/\",\"name\":\"DARSTAL\",\"description\":\"STALOWE CENTRUM SERWISOWE\",\"publisher\":{\"@id\":\"https:\/\/darstal.eu\/pl\/#organization\"},\"potentialAction\":[{\"@type\":\"SearchAction\",\"target\":{\"@type\":\"EntryPoint\",\"urlTemplate\":\"https:\/\/darstal.eu\/pl\/?s={search_term_string}\"},\"query-input\":\"required name=search_term_string\"}],\"inLanguage\":\"pl-PL\"},{\"@type\":\"Organization\",\"@id\":\"https:\/\/darstal.eu\/pl\/#organization\",\"name\":\"DARSTAL\",\"url\":\"https:\/\/darstal.eu\/pl\/\",\"logo\":{\"@type\":\"ImageObject\",\"inLanguage\":\"pl-PL\",\"@id\":\"https:\/\/darstal.eu\/pl\/#\/schema\/logo\/image\/\",\"url\":\"https:\/\/darstal.eu\/wp-content\/uploads\/2021\/06\/darstal_logo_01.png\",\"contentUrl\":\"https:\/\/darstal.eu\/wp-content\/uploads\/2021\/06\/darstal_logo_01.png\",\"width\":501,\"height\":119,\"caption\":\"DARSTAL\"},\"image\":{\"@id\":\"https:\/\/darstal.eu\/pl\/#\/schema\/logo\/image\/\"}}]}<\/script>\n<!-- \/ Yoast SEO plugin. -->","yoast_head_json":{"title":"RODO - DARSTAL","robots":{"index":"index","follow":"follow","max-snippet":"max-snippet:-1","max-image-preview":"max-image-preview:large","max-video-preview":"max-video-preview:-1"},"canonical":"https:\/\/darstal.eu\/pl\/rodo\/","og_locale":"pl_PL","og_type":"article","og_title":"RODO - DARSTAL","og_description":"Klauzula informacyjna dla kontrahenta Administrator Danych Osobowych DAR STAL Dariusz Za\u0142awa Podstawa prawna przetwarzania B\u0119dziemy przetwarza\u0107 Pa\u0144stwa dane osobowe w\u00a0cel realizacji zawartej z\u00a0Pa\u0144stwem umowy lub w\u00a0celu podj\u0119cia dzia\u0142a\u0144 na Pa\u0144stwa \u017c\u0105danie przed zawarciem umowy (art. 6 ust 1 lit. b RODO). Pa\u0144stwa dane osobowe mog\u0105 by\u0107 tak\u017ce przetwarzane na podstawie ci\u0105\u017c\u0105cego na nas obowi\u0105zku prawnego [&hellip;]","og_url":"https:\/\/darstal.eu\/pl\/rodo\/","og_site_name":"DARSTAL","article_modified_time":"2021-06-23T08:54:13+00:00","twitter_card":"summary_large_image","twitter_misc":{"Szacowany czas czytania":"2 minuty"},"schema":{"@context":"https:\/\/schema.org","@graph":[{"@type":"WebPage","@id":"https:\/\/darstal.eu\/en\/rodo\/","url":"https:\/\/darstal.eu\/en\/rodo\/","name":"RODO - DARSTAL","isPartOf":{"@id":"https:\/\/darstal.eu\/pl\/#website"},"datePublished":"2021-06-07T15:53:42+00:00","dateModified":"2021-06-23T08:54:13+00:00","breadcrumb":{"@id":"https:\/\/darstal.eu\/en\/rodo\/#breadcrumb"},"inLanguage":"pl-PL","potentialAction":[{"@type":"ReadAction","target":["https:\/\/darstal.eu\/en\/rodo\/"]}]},{"@type":"BreadcrumbList","@id":"https:\/\/darstal.eu\/en\/rodo\/#breadcrumb","itemListElement":[{"@type":"ListItem","position":1,"name":"Strona g\u0142\u00f3wna","item":"https:\/\/darstal.eu\/pl\/"},{"@type":"ListItem","position":2,"name":"RODO"}]},{"@type":"WebSite","@id":"https:\/\/darstal.eu\/pl\/#website","url":"https:\/\/darstal.eu\/pl\/","name":"DARSTAL","description":"STALOWE CENTRUM SERWISOWE","publisher":{"@id":"https:\/\/darstal.eu\/pl\/#organization"},"potentialAction":[{"@type":"SearchAction","target":{"@type":"EntryPoint","urlTemplate":"https:\/\/darstal.eu\/pl\/?s={search_term_string}"},"query-input":"required name=search_term_string"}],"inLanguage":"pl-PL"},{"@type":"Organization","@id":"https:\/\/darstal.eu\/pl\/#organization","name":"DARSTAL","url":"https:\/\/darstal.eu\/pl\/","logo":{"@type":"ImageObject","inLanguage":"pl-PL","@id":"https:\/\/darstal.eu\/pl\/#\/schema\/logo\/image\/","url":"https:\/\/darstal.eu\/wp-content\/uploads\/2021\/06\/darstal_logo_01.png","contentUrl":"https:\/\/darstal.eu\/wp-content\/uploads\/2021\/06\/darstal_logo_01.png","width":501,"height":119,"caption":"DARSTAL"},"image":{"@id":"https:\/\/darstal.eu\/pl\/#\/schema\/logo\/image\/"}}]}},"_links":{"self":[{"href":"https:\/\/darstal.eu\/pl\/wp-json\/wp\/v2\/pages\/398"}],"collection":[{"href":"https:\/\/darstal.eu\/pl\/wp-json\/wp\/v2\/pages"}],"about":[{"href":"https:\/\/darstal.eu\/pl\/wp-json\/wp\/v2\/types\/page"}],"author":[{"embeddable":true,"href":"https:\/\/darstal.eu\/pl\/wp-json\/wp\/v2\/users\/1"}],"replies":[{"embeddable":true,"href":"https:\/\/darstal.eu\/pl\/wp-json\/wp\/v2\/comments?post=398"}],"version-history":[{"count":30,"href":"https:\/\/darstal.eu\/pl\/wp-json\/wp\/v2\/pages\/398\/revisions"}],"predecessor-version":[{"id":1622,"href":"https:\/\/darstal.eu\/pl\/wp-json\/wp\/v2\/pages\/398\/revisions\/1622"}],"wp:attachment":[{"href":"https:\/\/darstal.eu\/pl\/wp-json\/wp\/v2\/media?parent=398"}],"curies":[{"name":"wp","href":"https:\/\/api.w.org\/{rel}","templated":true}]}}