{"id":400,"date":"2021-06-07T15:54:45","date_gmt":"2021-06-07T15:54:45","guid":{"rendered":"http:\/\/darstal.eu\/?page_id=400"},"modified":"2021-06-23T09:08:52","modified_gmt":"2021-06-23T09:08:52","slug":"laboratorium","status":"publish","type":"page","link":"https:\/\/darstal.eu\/pl\/laboratorium\/","title":{"rendered":"Laboratorium"},"content":{"rendered":"\t\t<div data-elementor-type=\"wp-page\" data-elementor-id=\"400\" class=\"elementor elementor-400\">\n\t\t\t\t\t\t\t\t\t<section class=\"elementor-section elementor-top-section elementor-element elementor-element-1df613a7 elementor-section-full_width elementor-section-height-default elementor-section-height-default elementor-invisible\" data-id=\"1df613a7\" data-element_type=\"section\" data-settings=\"{&quot;animation&quot;:&quot;fadeInUp&quot;}\">\n\t\t\t\t\t\t<div class=\"elementor-container elementor-column-gap-default\">\n\t\t\t\t\t<div class=\"elementor-column elementor-col-100 elementor-top-column elementor-element elementor-element-643be190\" data-id=\"643be190\" data-element_type=\"column\">\n\t\t\t<div class=\"elementor-widget-wrap elementor-element-populated\">\n\t\t\t\t\t\t\t\t<div class=\"elementor-element elementor-element-62cda4a5 elementor-widget elementor-widget-heading\" data-id=\"62cda4a5\" data-element_type=\"widget\" data-widget_type=\"heading.default\">\n\t\t\t\t<div class=\"elementor-widget-container\">\n\t\t\t<h5 class=\"elementor-heading-title elementor-size-default\">LABORATORIUM<\/h5>\t\t<\/div>\n\t\t\t\t<\/div>\n\t\t\t\t<div class=\"elementor-element elementor-element-348f2d6d elementor-widget elementor-widget-text-editor\" data-id=\"348f2d6d\" data-element_type=\"widget\" data-widget_type=\"text-editor.default\">\n\t\t\t\t<div class=\"elementor-widget-container\">\n\t\t\t\t\t\t\t<p>W firmie uruchomiono laboratorium maj\u0105ce na celu weryfikacj\u0119 jako\u015bci dostarczonego, sprzedawanego materia\u0142u. <br \/>Mo\u017cemy przeprowadzi\u0107 badania zar\u00f3wno sk\u0142adu chemicznego jak i w\u0142asno\u015bci mechanicznych. <br \/>Przeprowadzamy mi\u0119dzy innymi badania:<\/p><ul><li>sk\u0142adu chemicznego metod\u0105 spektrometrii emisyjnej, <\/li><li>twardo\u015bci metod\u0105 Rockwella, Vickersa, Brinella,<\/li><li>w\u0142asno\u015bci mechaniczne i plastyczne w pr\u00f3bie rozci\u0105gania pr\u00f3bek p\u0142askich, <\/li><li>t\u0142oczno\u015bci metod\u0105 Erichsena,<\/li><li>okre\u015blanie grubo\u015bci pow\u0142ok cynkowych metod\u0105 MikroTestu.<\/li><\/ul><p><br \/>Na podstawie uzyskanych wynik\u00f3w bada\u0144 mo\u017cemy wystawia\u0107 \u015bwiadectwa jako\u015bci typu: \u201eAtest\u201d 2.2.<\/p>\t\t\t\t\t\t<\/div>\n\t\t\t\t<\/div>\n\t\t\t\t\t<\/div>\n\t\t<\/div>\n\t\t\t\t\t\t\t<\/div>\n\t\t<\/section>\n\t\t\t\t\t\t\t<\/div>\n\t\t","protected":false},"excerpt":{"rendered":"<p>LABORATORIUM W firmie uruchomiono laboratorium maj\u0105ce na celu weryfikacj\u0119 jako\u015bci dostarczonego, sprzedawanego materia\u0142u. Mo\u017cemy przeprowadzi\u0107 badania zar\u00f3wno sk\u0142adu chemicznego jak i w\u0142asno\u015bci mechanicznych. Przeprowadzamy mi\u0119dzy innymi badania: sk\u0142adu chemicznego metod\u0105 spektrometrii emisyjnej, twardo\u015bci metod\u0105 Rockwella, Vickersa, Brinella, w\u0142asno\u015bci mechaniczne i plastyczne w pr\u00f3bie rozci\u0105gania pr\u00f3bek p\u0142askich, t\u0142oczno\u015bci metod\u0105 Erichsena, okre\u015blanie grubo\u015bci pow\u0142ok cynkowych metod\u0105 MikroTestu. [&hellip;]<\/p>\n","protected":false},"author":1,"featured_media":0,"parent":0,"menu_order":0,"comment_status":"closed","ping_status":"closed","template":"","meta":{"footnotes":""},"yoast_head":"<!-- This site is optimized with the Yoast SEO plugin v19.10 - https:\/\/yoast.com\/wordpress\/plugins\/seo\/ -->\n<title>Laboratorium - DARSTAL<\/title>\n<meta name=\"robots\" content=\"index, follow, max-snippet:-1, max-image-preview:large, max-video-preview:-1\" \/>\n<link rel=\"canonical\" href=\"https:\/\/darstal.eu\/pl\/laboratorium\/\" \/>\n<meta property=\"og:locale\" content=\"pl_PL\" \/>\n<meta property=\"og:type\" content=\"article\" \/>\n<meta property=\"og:title\" content=\"Laboratorium - DARSTAL\" \/>\n<meta property=\"og:description\" content=\"LABORATORIUM W firmie uruchomiono laboratorium maj\u0105ce na celu weryfikacj\u0119 jako\u015bci dostarczonego, sprzedawanego materia\u0142u. Mo\u017cemy przeprowadzi\u0107 badania zar\u00f3wno sk\u0142adu chemicznego jak i w\u0142asno\u015bci mechanicznych. Przeprowadzamy mi\u0119dzy innymi badania: sk\u0142adu chemicznego metod\u0105 spektrometrii emisyjnej, twardo\u015bci metod\u0105 Rockwella, Vickersa, Brinella, w\u0142asno\u015bci mechaniczne i plastyczne w pr\u00f3bie rozci\u0105gania pr\u00f3bek p\u0142askich, t\u0142oczno\u015bci metod\u0105 Erichsena, okre\u015blanie grubo\u015bci pow\u0142ok cynkowych metod\u0105 MikroTestu. [&hellip;]\" \/>\n<meta property=\"og:url\" content=\"https:\/\/darstal.eu\/pl\/laboratorium\/\" \/>\n<meta property=\"og:site_name\" content=\"DARSTAL\" \/>\n<meta property=\"article:modified_time\" content=\"2021-06-23T09:08:52+00:00\" \/>\n<meta name=\"twitter:card\" content=\"summary_large_image\" \/>\n<script type=\"application\/ld+json\" class=\"yoast-schema-graph\">{\"@context\":\"https:\/\/schema.org\",\"@graph\":[{\"@type\":\"WebPage\",\"@id\":\"https:\/\/darstal.eu\/en\/laboratorium\/\",\"url\":\"https:\/\/darstal.eu\/en\/laboratorium\/\",\"name\":\"Laboratorium - DARSTAL\",\"isPartOf\":{\"@id\":\"https:\/\/darstal.eu\/pl\/#website\"},\"datePublished\":\"2021-06-07T15:54:45+00:00\",\"dateModified\":\"2021-06-23T09:08:52+00:00\",\"breadcrumb\":{\"@id\":\"https:\/\/darstal.eu\/en\/laboratorium\/#breadcrumb\"},\"inLanguage\":\"pl-PL\",\"potentialAction\":[{\"@type\":\"ReadAction\",\"target\":[\"https:\/\/darstal.eu\/en\/laboratorium\/\"]}]},{\"@type\":\"BreadcrumbList\",\"@id\":\"https:\/\/darstal.eu\/en\/laboratorium\/#breadcrumb\",\"itemListElement\":[{\"@type\":\"ListItem\",\"position\":1,\"name\":\"Strona g\u0142\u00f3wna\",\"item\":\"https:\/\/darstal.eu\/pl\/\"},{\"@type\":\"ListItem\",\"position\":2,\"name\":\"Laboratorium\"}]},{\"@type\":\"WebSite\",\"@id\":\"https:\/\/darstal.eu\/pl\/#website\",\"url\":\"https:\/\/darstal.eu\/pl\/\",\"name\":\"DARSTAL\",\"description\":\"STALOWE CENTRUM SERWISOWE\",\"publisher\":{\"@id\":\"https:\/\/darstal.eu\/pl\/#organization\"},\"potentialAction\":[{\"@type\":\"SearchAction\",\"target\":{\"@type\":\"EntryPoint\",\"urlTemplate\":\"https:\/\/darstal.eu\/pl\/?s={search_term_string}\"},\"query-input\":\"required name=search_term_string\"}],\"inLanguage\":\"pl-PL\"},{\"@type\":\"Organization\",\"@id\":\"https:\/\/darstal.eu\/pl\/#organization\",\"name\":\"DARSTAL\",\"url\":\"https:\/\/darstal.eu\/pl\/\",\"logo\":{\"@type\":\"ImageObject\",\"inLanguage\":\"pl-PL\",\"@id\":\"https:\/\/darstal.eu\/pl\/#\/schema\/logo\/image\/\",\"url\":\"https:\/\/darstal.eu\/wp-content\/uploads\/2021\/06\/darstal_logo_01.png\",\"contentUrl\":\"https:\/\/darstal.eu\/wp-content\/uploads\/2021\/06\/darstal_logo_01.png\",\"width\":501,\"height\":119,\"caption\":\"DARSTAL\"},\"image\":{\"@id\":\"https:\/\/darstal.eu\/pl\/#\/schema\/logo\/image\/\"}}]}<\/script>\n<!-- \/ Yoast SEO plugin. -->","yoast_head_json":{"title":"Laboratorium - DARSTAL","robots":{"index":"index","follow":"follow","max-snippet":"max-snippet:-1","max-image-preview":"max-image-preview:large","max-video-preview":"max-video-preview:-1"},"canonical":"https:\/\/darstal.eu\/pl\/laboratorium\/","og_locale":"pl_PL","og_type":"article","og_title":"Laboratorium - DARSTAL","og_description":"LABORATORIUM W firmie uruchomiono laboratorium maj\u0105ce na celu weryfikacj\u0119 jako\u015bci dostarczonego, sprzedawanego materia\u0142u. Mo\u017cemy przeprowadzi\u0107 badania zar\u00f3wno sk\u0142adu chemicznego jak i w\u0142asno\u015bci mechanicznych. Przeprowadzamy mi\u0119dzy innymi badania: sk\u0142adu chemicznego metod\u0105 spektrometrii emisyjnej, twardo\u015bci metod\u0105 Rockwella, Vickersa, Brinella, w\u0142asno\u015bci mechaniczne i plastyczne w pr\u00f3bie rozci\u0105gania pr\u00f3bek p\u0142askich, t\u0142oczno\u015bci metod\u0105 Erichsena, okre\u015blanie grubo\u015bci pow\u0142ok cynkowych metod\u0105 MikroTestu. [&hellip;]","og_url":"https:\/\/darstal.eu\/pl\/laboratorium\/","og_site_name":"DARSTAL","article_modified_time":"2021-06-23T09:08:52+00:00","twitter_card":"summary_large_image","schema":{"@context":"https:\/\/schema.org","@graph":[{"@type":"WebPage","@id":"https:\/\/darstal.eu\/en\/laboratorium\/","url":"https:\/\/darstal.eu\/en\/laboratorium\/","name":"Laboratorium - DARSTAL","isPartOf":{"@id":"https:\/\/darstal.eu\/pl\/#website"},"datePublished":"2021-06-07T15:54:45+00:00","dateModified":"2021-06-23T09:08:52+00:00","breadcrumb":{"@id":"https:\/\/darstal.eu\/en\/laboratorium\/#breadcrumb"},"inLanguage":"pl-PL","potentialAction":[{"@type":"ReadAction","target":["https:\/\/darstal.eu\/en\/laboratorium\/"]}]},{"@type":"BreadcrumbList","@id":"https:\/\/darstal.eu\/en\/laboratorium\/#breadcrumb","itemListElement":[{"@type":"ListItem","position":1,"name":"Strona g\u0142\u00f3wna","item":"https:\/\/darstal.eu\/pl\/"},{"@type":"ListItem","position":2,"name":"Laboratorium"}]},{"@type":"WebSite","@id":"https:\/\/darstal.eu\/pl\/#website","url":"https:\/\/darstal.eu\/pl\/","name":"DARSTAL","description":"STALOWE CENTRUM SERWISOWE","publisher":{"@id":"https:\/\/darstal.eu\/pl\/#organization"},"potentialAction":[{"@type":"SearchAction","target":{"@type":"EntryPoint","urlTemplate":"https:\/\/darstal.eu\/pl\/?s={search_term_string}"},"query-input":"required name=search_term_string"}],"inLanguage":"pl-PL"},{"@type":"Organization","@id":"https:\/\/darstal.eu\/pl\/#organization","name":"DARSTAL","url":"https:\/\/darstal.eu\/pl\/","logo":{"@type":"ImageObject","inLanguage":"pl-PL","@id":"https:\/\/darstal.eu\/pl\/#\/schema\/logo\/image\/","url":"https:\/\/darstal.eu\/wp-content\/uploads\/2021\/06\/darstal_logo_01.png","contentUrl":"https:\/\/darstal.eu\/wp-content\/uploads\/2021\/06\/darstal_logo_01.png","width":501,"height":119,"caption":"DARSTAL"},"image":{"@id":"https:\/\/darstal.eu\/pl\/#\/schema\/logo\/image\/"}}]}},"_links":{"self":[{"href":"https:\/\/darstal.eu\/pl\/wp-json\/wp\/v2\/pages\/400"}],"collection":[{"href":"https:\/\/darstal.eu\/pl\/wp-json\/wp\/v2\/pages"}],"about":[{"href":"https:\/\/darstal.eu\/pl\/wp-json\/wp\/v2\/types\/page"}],"author":[{"embeddable":true,"href":"https:\/\/darstal.eu\/pl\/wp-json\/wp\/v2\/users\/1"}],"replies":[{"embeddable":true,"href":"https:\/\/darstal.eu\/pl\/wp-json\/wp\/v2\/comments?post=400"}],"version-history":[{"count":7,"href":"https:\/\/darstal.eu\/pl\/wp-json\/wp\/v2\/pages\/400\/revisions"}],"predecessor-version":[{"id":1629,"href":"https:\/\/darstal.eu\/pl\/wp-json\/wp\/v2\/pages\/400\/revisions\/1629"}],"wp:attachment":[{"href":"https:\/\/darstal.eu\/pl\/wp-json\/wp\/v2\/media?parent=400"}],"curies":[{"name":"wp","href":"https:\/\/api.w.org\/{rel}","templated":true}]}}